{"id":427,"date":"2019-12-17T21:18:50","date_gmt":"2019-12-17T20:18:50","guid":{"rendered":"http:\/\/tigersandflamingos.com\/systemisches-business-coaching\/"},"modified":"2025-09-17T11:24:10","modified_gmt":"2025-09-17T09:24:10","slug":"executive-coaching","status":"publish","type":"page","link":"https:\/\/tigersandflamingos.com\/en\/executive-coaching\/","title":{"rendered":"Executive Coaching"},"content":{"rendered":"<p><img loading=\"lazy\" decoding=\"async\" class=\"alignnone wp-image-2195\" src=\"\/wp-content\/uploads\/Anja-Karina-Mundinger-scaled.webp\" alt=\"Anja Karina Mundinger ICF (International Coaching Federation) PCC Coach. Executive Coaching in D\u00fcsseldorf, Remote and Online. Executive &amp; Leadership Coaching ICF PCC, Team Coaching, Mentor Coach, Coaching, Coach Academy, Leadership Academy. Standing in front of a patterned wall made of colourful tiles in D\u00fcsseldorf.\" width=\"399\" height=\"266\" srcset=\"\/wp-content\/uploads\/Anja-Karina-Mundinger-scaled.webp 2560w, \/wp-content\/uploads\/Anja-Karina-Mundinger-300x200.webp 300w, \/wp-content\/uploads\/Anja-Karina-Mundinger-1024x683.webp 1024w, \/wp-content\/uploads\/Anja-Karina-Mundinger-768x512.webp 768w, \/wp-content\/uploads\/Anja-Karina-Mundinger-1536x1024.webp 1536w, \/wp-content\/uploads\/Anja-Karina-Mundinger-2048x1365.webp 2048w, \/wp-content\/uploads\/Anja-Karina-Mundinger-18x12.webp 18w, \/wp-content\/uploads\/Anja-Karina-Mundinger-1568x1045.webp 1568w\" sizes=\"auto, (max-width: 399px) 100vw, 399px\" \/><\/p>\n<h1><a href=\"https:\/\/tigersandflamingos.com\/en\/anja\/\">Executive<\/a> Coaching<\/h1>\n<h2>Executive Coaching, Transformation, Change, F\u00fchrungskr\u00e4fteentwicklung, Leadership, Management D\u00fcsseldorf Remote Online<\/h2>\n<h3>What is Systemic Coaching, and how is the definition?<\/h3>\n<p>Beim Executive Coaching betrachen wir das ganze System um den Coachee. Das bedeutet, dass der Coachee als Teil eines Systems, z. B. einer Organisation betrachtet wird. F\u00fchrungskr\u00e4fteentwicklung, Leadership, Management<\/p>\n<p>Beispiel: Der Coachee ist Teil eines Managementteams sowie F\u00fchrungskraft f\u00fcr ein Team. Je nach Fragestellung arbeiten wir im Umfeld im Managementteam oder als F\u00fchrungskraft eines Team. Somit werden die komplexen Beziehungen zwischen dem Coachee mit den einzelnen Elementen sichtbar und wir k\u00f6nnen m\u00f6gliche L\u00f6sungsszenarien erarbeiten, um das Ziel zu erreichen.<\/p>\n<p>Es wird sichtbar, wie die Einstellungen und Verhaltensweisen des Coachees das eigene Umfeld beeinflussen und vice versa. Damit erh\u00e4lt der Coachee ein umfassendes Bild der individuellen Situation und kann diese nachhaltig l\u00f6sen. Executive Coaching F\u00fchrungskr\u00e4fteentwicklung, Leadership, Management<\/p>\n<p>&nbsp;<\/p>\n<h2>Was wir tun:<\/h2>\n<p>Wir nutzen deine individuellen St\u00e4rken und Talente, um deine Potenziale zu entfalten. Auf dieser Basis erarbeiten wir gemeinsam Strategien, die dir es erm\u00f6glichen, dein Ziel zu erreichen. Executive Coaching F\u00fchrungskr\u00e4fteentwicklung, Leadership, Management<\/p>\n<p>Als individuelle Fortbildungs- beziehungsweise Weiterentwicklungsma\u00dfnahme ist Coaching das Tool, um die Retention Rate der Mitarbeiter:innen zu erh\u00f6hen. Bei keinem anderen Format wird so individuelle auf die Fragestellung eingegangen. Deshalb bietet Coaching einen echten Mehrwert, da die Mitarbeiter:innen in ihrer Rolle sowie auch pers\u00f6nlich wachsen und somit weiterkommen. Executive &amp; Leadership F\u00fchrungskr\u00e4fteentwicklung, Leadership, Management<\/p>\n<p>&nbsp;<\/p>\n<p>&nbsp;<\/p>\n<p><strong>Dieses eignet sich f\u00fcr alle High Potentials, Nachwuschsf\u00fchrungskr\u00e4ft sowie erfahrene F\u00fchrungskr\u00e4fte, die pr\u00e4ventiv und nachhaltig individuelle Fragestellungen l\u00f6sen wollen.<\/strong><\/p>\n<p data-start=\"0\" data-end=\"429\">Successful leaders today are constantly faced with new challenges in a rapidly changing business world. The Tigers &amp; Flamingos\u00ae Leadership Academy supports you and your team in successfully mastering these challenges.<\/p>\n<p data-start=\"431\" data-end=\"731\">Die Kurskonzepte kombinieren aktuelle Herausforderungen mit langj\u00e4hriger Praxiserfahrung und den neuesten wissenschaftlichen Erkenntnissen. Damit lernt ihr innovative Werkzeuge und sofort umsetzbare Strategien anzuwenden, die euch darin unterst\u00fctzen, eure Leadership Skills weiter zu steigern und zukunftsweisende L\u00f6sungen zu entwickeln.<\/p>\n<p data-start=\"733\" data-end=\"1044\">This individual and effective approach is specifically designed for ambitious managers and teams like you. In our practice-orientated and interactive courses, you will develop your leadership skills as well as your personal growth - for sustainable success in the dynamic business world.<\/p>\n<p data-start=\"733\" data-end=\"1044\">Es gelten die <a href=\"https:\/\/coachingfederation.org\/\">Ethikrichtlinien der ICF<\/a>.<\/p>\n<h3><strong>The advantages for you by a coaching according to ICF (International Coaching Federation) standards:<\/strong><\/h3>\n<ul>\n<li>A highly qualified coach <strong>who is required to re-accredit the credential every three years.<\/strong> .<\/li>\n<li>Due to the <strong>obligation of continuous further training,<\/strong> I am up-to-date with the relevant research in the field of coaching and leadership.<\/li>\n<li><strong>Consequent self-commitment to the ICF values<\/strong>:\n<ul>\n<li>Professionalit\u00e4t: Ein Engagement f\u00fcr ein Coaching-Mindset und professionelle Qualit\u00e4t, die<br \/>\nVerantwortung, Respekt, Integrit\u00e4t, Kompetenz und Exzellenz umfasst.<\/li>\n<li>Zusammenarbeit: Ein Engagement f\u00fcr die Entwicklung sozialer Beziehungen und den Aufbau von<br \/>\nGemeinschaften.<\/li>\n<li>Menschlichkeit: Eine Verpflichtung, menschlich, freundlich, mitf\u00fchlend und respektvoll gegen\u00fcber<br \/>\nanderen zu sein.<\/li>\n<li>Fairness: Ich verpflichte mich, mit einem Coaching Mindset zu arbeiten, das mir dabei hilft, die<br \/>\nBed\u00fcrfnisse anderer zu erforschen und zu verstehen, um stets fair vorzugehen, um eine<br \/>\nGleichbehandlung f\u00fcr alle zu erzielen.<\/li>\n<\/ul>\n<\/li>\n<\/ul>\n<p>&nbsp;<\/p>\n<ul>\n<li><strong>Compliance with the ICF Code of Ethics<\/strong>:\n<ul>\n<li>Agreements for Client and\/or Sponsor Engagement.<\/li>\n<li>Confidentiality and Legal Compliance.<\/li>\n<li>Professional Conduct and Conflicts of Interest<\/li>\n<li>Commitment to Delivering Consistent Value<\/li>\n<li>Professional Integrity and Accountability.<\/li>\n<\/ul>\n<\/li>\n<\/ul>","protected":false},"excerpt":{"rendered":"<p>Executive Coaching Executive Coaching, Transformation, Change, F\u00fchrungskr\u00e4fteentwicklung, Leadership, Management D\u00fcsseldorf Remote Online Was ist Coaching bzw. was ist die Definition von Systemischen Coaching? Beim Executive Coaching betrachen wir das ganze System um den Coachee. Das bedeutet, dass der Coachee als Teil eines Systems, z. B. einer Organisation betrachtet wird. F\u00fchrungskr\u00e4fteentwicklung, Leadership, Management Beispiel: Der Coachee [&hellip;]<\/p>\n","protected":false},"author":3,"featured_media":0,"parent":0,"menu_order":8,"comment_status":"closed","ping_status":"closed","template":"","meta":{"footnotes":""},"class_list":["post-427","page","type-page","status-publish","hentry","entry"],"yoast_head":"<!-- This site is optimized with the Yoast SEO Premium plugin v27.2 (Yoast SEO v27.3) - https:\/\/yoast.com\/product\/yoast-seo-premium-wordpress\/ -->\n<title>Executive Coaching f\u00fcr F\u00fchrungskr\u00e4fte nach ICF-Standards<\/title>\n<meta name=\"description\" content=\"Executive Coaching f\u00fcr deinen Erfolg als F\u00fchrungskraft: Im 1-on-1. Remote oder in D\u00fcsseldorf. Wir erarbeiten dein Ziel &amp; deinen Weg.\" \/>\n<meta name=\"robots\" content=\"index, follow, max-snippet:-1, max-image-preview:large, max-video-preview:-1\" \/>\n<link rel=\"canonical\" href=\"https:\/\/tigersandflamingos.com\/en\/executive-coaching\/\" \/>\n<meta property=\"og:locale\" content=\"en_GB\" \/>\n<meta property=\"og:type\" content=\"article\" \/>\n<meta property=\"og:title\" content=\"Executive Coaching\" \/>\n<meta property=\"og:description\" content=\"Executive Coaching f\u00fcr deinen Erfolg als F\u00fchrungskraft: Im 1-on-1. Remote oder in D\u00fcsseldorf. Wir erarbeiten dein Ziel &amp; deinen Weg.\" \/>\n<meta property=\"og:url\" content=\"https:\/\/tigersandflamingos.com\/en\/executive-coaching\/\" \/>\n<meta property=\"og:site_name\" content=\"Tigers &amp; Flamingos GmbH Executive &amp; Leadership Coaching\" \/>\n<meta property=\"article:modified_time\" content=\"2025-09-17T09:24:10+00:00\" \/>\n<meta name=\"twitter:card\" content=\"summary_large_image\" \/>\n<meta name=\"twitter:label1\" content=\"Estimated reading time\" \/>\n\t<meta name=\"twitter:data1\" content=\"4 minutes\" \/>\n<script type=\"application\/ld+json\" class=\"yoast-schema-graph\">{\"@context\":\"https:\\\/\\\/schema.org\",\"@graph\":[{\"@type\":\"WebPage\",\"@id\":\"https:\\\/\\\/tigersandflamingos.com\\\/executive-coaching\\\/\",\"url\":\"https:\\\/\\\/tigersandflamingos.com\\\/executive-coaching\\\/\",\"name\":\"Executive Coaching f\u00fcr F\u00fchrungskr\u00e4fte nach ICF-Standards\",\"isPartOf\":{\"@id\":\"https:\\\/\\\/tigersandflamingos.com\\\/#website\"},\"datePublished\":\"2019-12-17T20:18:50+00:00\",\"dateModified\":\"2025-09-17T09:24:10+00:00\",\"description\":\"Executive Coaching f\u00fcr deinen Erfolg als F\u00fchrungskraft: Im 1-on-1. Remote oder in D\u00fcsseldorf. Wir erarbeiten dein Ziel & deinen Weg.\",\"breadcrumb\":{\"@id\":\"https:\\\/\\\/tigersandflamingos.com\\\/executive-coaching\\\/#breadcrumb\"},\"inLanguage\":\"en-GB\",\"potentialAction\":[{\"@type\":\"ReadAction\",\"target\":[\"https:\\\/\\\/tigersandflamingos.com\\\/executive-coaching\\\/\"]}]},{\"@type\":\"BreadcrumbList\",\"@id\":\"https:\\\/\\\/tigersandflamingos.com\\\/executive-coaching\\\/#breadcrumb\",\"itemListElement\":[{\"@type\":\"ListItem\",\"position\":1,\"name\":\"Home\",\"item\":\"https:\\\/\\\/tigersandflamingos.com\\\/\"},{\"@type\":\"ListItem\",\"position\":2,\"name\":\"Executive Coaching\"}]},{\"@type\":\"WebSite\",\"@id\":\"https:\\\/\\\/tigersandflamingos.com\\\/#website\",\"url\":\"https:\\\/\\\/tigersandflamingos.com\\\/\",\"name\":\"Tigers & Flamingos GmbH Coaching & Consulting D\u00fcsseldorf\",\"description\":\"Executive Coaching ICF PCC, Leadership Academy, Coach Academy, Trainings.\",\"publisher\":{\"@id\":\"https:\\\/\\\/tigersandflamingos.com\\\/#organization\"},\"potentialAction\":[{\"@type\":\"SearchAction\",\"target\":{\"@type\":\"EntryPoint\",\"urlTemplate\":\"https:\\\/\\\/tigersandflamingos.com\\\/?s={search_term_string}\"},\"query-input\":{\"@type\":\"PropertyValueSpecification\",\"valueRequired\":true,\"valueName\":\"search_term_string\"}}],\"inLanguage\":\"en-GB\"},{\"@type\":\"Organization\",\"@id\":\"https:\\\/\\\/tigersandflamingos.com\\\/#organization\",\"name\":\"Tigers & Flamingos GmbH\",\"url\":\"https:\\\/\\\/tigersandflamingos.com\\\/\",\"logo\":{\"@type\":\"ImageObject\",\"inLanguage\":\"en-GB\",\"@id\":\"https:\\\/\\\/tigersandflamingos.com\\\/#\\\/schema\\\/logo\\\/image\\\/\",\"url\":\"\\\/wp-content\\\/uploads\\\/cropped-cropped-Tigers-Flamingos-png.avif\",\"contentUrl\":\"\\\/wp-content\\\/uploads\\\/cropped-cropped-Tigers-Flamingos-png.avif\",\"width\":190,\"height\":190,\"caption\":\"Tigers & Flamingos GmbH\"},\"image\":{\"@id\":\"https:\\\/\\\/tigersandflamingos.com\\\/#\\\/schema\\\/logo\\\/image\\\/\"},\"email\":\"hello@tigersandflamingos.com\",\"legalName\":\"Tigers & Flamingos GmbH\",\"vatID\":\"DE344444395\",\"ownershipFundingInfo\":\"https:\\\/\\\/tigersandflamingos.com\\\/impressum\\\/\",\"ethicsPolicy\":\"https:\\\/\\\/tigersandflamingos.com\\\/business-ethics\\\/\",\"diversityPolicy\":\"https:\\\/\\\/tigersandflamingos.com\\\/business-ethics\\\/\"}]}<\/script>\n<!-- \/ Yoast SEO Premium plugin. -->","yoast_head_json":{"title":"Executive Coaching f\u00fcr F\u00fchrungskr\u00e4fte nach ICF-Standards","description":"Executive Coaching f\u00fcr deinen Erfolg als F\u00fchrungskraft: Im 1-on-1. Remote oder in D\u00fcsseldorf. Wir erarbeiten dein Ziel & deinen Weg.","robots":{"index":"index","follow":"follow","max-snippet":"max-snippet:-1","max-image-preview":"max-image-preview:large","max-video-preview":"max-video-preview:-1"},"canonical":"https:\/\/tigersandflamingos.com\/en\/executive-coaching\/","og_locale":"en_GB","og_type":"article","og_title":"Executive Coaching","og_description":"Executive Coaching f\u00fcr deinen Erfolg als F\u00fchrungskraft: Im 1-on-1. Remote oder in D\u00fcsseldorf. Wir erarbeiten dein Ziel & deinen Weg.","og_url":"https:\/\/tigersandflamingos.com\/en\/executive-coaching\/","og_site_name":"Tigers &amp; Flamingos GmbH Executive &amp; Leadership Coaching","article_modified_time":"2025-09-17T09:24:10+00:00","twitter_card":"summary_large_image","twitter_misc":{"Estimated reading time":"4 minutes"},"schema":{"@context":"https:\/\/schema.org","@graph":[{"@type":"WebPage","@id":"https:\/\/tigersandflamingos.com\/executive-coaching\/","url":"https:\/\/tigersandflamingos.com\/executive-coaching\/","name":"Executive Coaching f\u00fcr F\u00fchrungskr\u00e4fte nach ICF-Standards","isPartOf":{"@id":"https:\/\/tigersandflamingos.com\/#website"},"datePublished":"2019-12-17T20:18:50+00:00","dateModified":"2025-09-17T09:24:10+00:00","description":"Executive Coaching f\u00fcr deinen Erfolg als F\u00fchrungskraft: Im 1-on-1. Remote oder in D\u00fcsseldorf. Wir erarbeiten dein Ziel & deinen Weg.","breadcrumb":{"@id":"https:\/\/tigersandflamingos.com\/executive-coaching\/#breadcrumb"},"inLanguage":"en-GB","potentialAction":[{"@type":"ReadAction","target":["https:\/\/tigersandflamingos.com\/executive-coaching\/"]}]},{"@type":"BreadcrumbList","@id":"https:\/\/tigersandflamingos.com\/executive-coaching\/#breadcrumb","itemListElement":[{"@type":"ListItem","position":1,"name":"Home","item":"https:\/\/tigersandflamingos.com\/"},{"@type":"ListItem","position":2,"name":"Executive Coaching"}]},{"@type":"WebSite","@id":"https:\/\/tigersandflamingos.com\/#website","url":"https:\/\/tigersandflamingos.com\/","name":"Tigers & Flamingos GmbH Coaching & Consulting D\u00fcsseldorf","description":"Executive Coaching ICF PCC, Leadership Academy, Coach Academy, Trainings.","publisher":{"@id":"https:\/\/tigersandflamingos.com\/#organization"},"potentialAction":[{"@type":"SearchAction","target":{"@type":"EntryPoint","urlTemplate":"https:\/\/tigersandflamingos.com\/?s={search_term_string}"},"query-input":{"@type":"PropertyValueSpecification","valueRequired":true,"valueName":"search_term_string"}}],"inLanguage":"en-GB"},{"@type":"Organization","@id":"https:\/\/tigersandflamingos.com\/#organization","name":"Tigers & Flamingos GmbH","url":"https:\/\/tigersandflamingos.com\/","logo":{"@type":"ImageObject","inLanguage":"en-GB","@id":"https:\/\/tigersandflamingos.com\/#\/schema\/logo\/image\/","url":"\/wp-content\/uploads\/cropped-cropped-Tigers-Flamingos-png.avif","contentUrl":"\/wp-content\/uploads\/cropped-cropped-Tigers-Flamingos-png.avif","width":190,"height":190,"caption":"Tigers & Flamingos GmbH"},"image":{"@id":"https:\/\/tigersandflamingos.com\/#\/schema\/logo\/image\/"},"email":"hello@tigersandflamingos.com","legalName":"Tigers & Flamingos GmbH","vatID":"DE344444395","ownershipFundingInfo":"https:\/\/tigersandflamingos.com\/impressum\/","ethicsPolicy":"https:\/\/tigersandflamingos.com\/business-ethics\/","diversityPolicy":"https:\/\/tigersandflamingos.com\/business-ethics\/"}]}},"_links":{"self":[{"href":"https:\/\/tigersandflamingos.com\/en\/wp-json\/wp\/v2\/pages\/427","targetHints":{"allow":["GET"]}}],"collection":[{"href":"https:\/\/tigersandflamingos.com\/en\/wp-json\/wp\/v2\/pages"}],"about":[{"href":"https:\/\/tigersandflamingos.com\/en\/wp-json\/wp\/v2\/types\/page"}],"author":[{"embeddable":true,"href":"https:\/\/tigersandflamingos.com\/en\/wp-json\/wp\/v2\/users\/3"}],"replies":[{"embeddable":true,"href":"https:\/\/tigersandflamingos.com\/en\/wp-json\/wp\/v2\/comments?post=427"}],"version-history":[{"count":135,"href":"https:\/\/tigersandflamingos.com\/en\/wp-json\/wp\/v2\/pages\/427\/revisions"}],"predecessor-version":[{"id":3536,"href":"https:\/\/tigersandflamingos.com\/en\/wp-json\/wp\/v2\/pages\/427\/revisions\/3536"}],"wp:attachment":[{"href":"https:\/\/tigersandflamingos.com\/en\/wp-json\/wp\/v2\/media?parent=427"}],"curies":[{"name":"wp","href":"https:\/\/api.w.org\/{rel}","templated":true}]}}