{"id":3631,"date":"2026-03-05T13:58:16","date_gmt":"2026-03-05T12:58:16","guid":{"rendered":"https:\/\/tigersandflamingos.com\/?page_id=3631"},"modified":"2026-03-23T09:36:38","modified_gmt":"2026-03-23T08:36:38","slug":"referenzen-case-studies","status":"publish","type":"page","link":"https:\/\/tigersandflamingos.com\/en\/referenzen-case-studies\/","title":{"rendered":"References &amp; Case Studies"},"content":{"rendered":"<p><img loading=\"lazy\" decoding=\"async\" class=\"alignnone wp-image-2658 size-medium\" src=\"\/wp-content\/uploads\/Anja-Karina-Mundinger-scaled-e1756222020360-300x221.avif\" alt=\"Referenzen Case Studies Anja Karina Mundinger ICF (International Coaching Federation) PCC Coach. Coaching in D\u00fcsseldorf, Remote and Online. Executive &amp; Leadership Coaching ICF PCC, Mentor Coach, Coaching, Coach Academy, Leadership Academy. Standing in front of a patterned wall made of colourful tiles in D\u00fcsseldorf.\" width=\"300\" height=\"221\" srcset=\"\/wp-content\/uploads\/Anja-Karina-Mundinger-scaled-e1756222020360-300x221.avif 300w, \/wp-content\/uploads\/Anja-Karina-Mundinger-scaled-e1756222020360-1024x754.avif 1024w, \/wp-content\/uploads\/Anja-Karina-Mundinger-scaled-e1756222020360-768x565.avif 768w, \/wp-content\/uploads\/Anja-Karina-Mundinger-scaled-e1756222020360-16x12.avif 16w, \/wp-content\/uploads\/Anja-Karina-Mundinger-scaled-e1756222020360.avif 1318w\" sizes=\"auto, (max-width: 300px) 100vw, 300px\" \/><\/p>\n<h1>Referenzen Case Studies<\/h1>\n<h2>Was Kund:innen, Kolleg:innen, Mentees &amp; Peers sagen<\/h2>\n<h3><b>Professionalis as Foundation - Results as a Benchmark.\u00a0\u00a0<\/b><\/h3>\n<p>Trust is the most important currency in my work \u2013 regardless of how we work together. To give you a better idea, you will find various references and case studies on this page. Especially in conflicts and sensitive team dynamics, a completely protected space is a fundamental prerequisite for real change.<\/p>\n<p>Nachfolgend findest du Referenzen und Case Studies von Kund:innen, Coachees, Kolleg:innen und Mentees. Sie illustrieren meine Arbeitsweise und die konkreten Resultate die erzielt wurden \u2013 ob im vertraulichen Vier-Augen-Gespr\u00e4ch, in intensiven Workshops oder bei der langfristigen Begleitung internationaler Teams. \u00dcbrigens, anhand dieser Referenzen und der Case Studies kannst du auch nachvollziehen, wie vielf\u00e4ltig die Zusammenarbeit aussieht.<\/p>\n<p>Viel Spa\u00df beim Lesen und <a href=\"https:\/\/tigersandflamingos.com\/en\/kontakt\/\">bei Fragen k\u00f6nnen wir gerne sprechen.<\/a><\/p>\n<h3 data-start=\"308\" data-end=\"367\">Change, Transformation und Widerstand Referenzen &amp; Case Studies<\/h3>\n<ul>\n<li data-start=\"369\" data-end=\"467\"><strong data-start=\"369\" data-end=\"386\">Focus areas:<\/strong> Change leadership, resistance, executive coaching, restructuring, transformation<\/li>\n<li data-start=\"469\" data-end=\"492\"><strong>Initial situation:<\/strong>During an organisational transformation\/restructuring, a manager assumed responsibility for a newly structured team. The change led to uncertainty within the team and differing expectations regarding leadership and collaboration. Resistance to new processes and increased stress in everyday work affected motivation and made it difficult to implement the objectives.<\/li>\n<li data-start=\"469\" data-end=\"492\"><strong>Objective: Implement transformation, provide guidance, and build a team.<\/strong> The goal of executive coaching was to strengthen the manager's role as a change leader and support her in creating guidance and stability within the team. At the same time, open communication about changes was encouraged, and acceptance of new structures increased.<\/li>\n<li data-start=\"469\" data-end=\"492\"><strong>Intervention:<\/strong> 1:1 Coaching<\/li>\n<li data-start=\"469\" data-end=\"492\"><strong>Result:<\/strong> <strong>Transformation mastered, clear team vision, cohesion.<\/strong> The manager gained significantly more confidence in her role as change leader and was able to actively shape the transformation process. Communication within the team became more open and clearer, while uncertainties were reduced. The team developed a more constructive attitude towards the changes and worked together in an increasingly solution-oriented manner.<\/li>\n<\/ul>\n<p><i>Referenz \u201eDas Coaching war mein Kompass durch die herausfordernde Phase und ich habe meine Ziele mehr als \u00fcbertroffen. Danke an Anja f\u00fcr das professionelle, vertrauensvolle, ehrliche Coaching..\u201c<\/i><\/p>\n<p><b>\u2014 Director Business Unit, Automotive Industry<\/b><\/p>\n<h3><b>Rolle als F\u00fchrungskraft im Mittelmanagement Referenzen &amp; Case Studies<\/b><\/h3>\n<ul>\n<li aria-level=\"1\"><strong data-start=\"541\" data-end=\"558\">Focus areas:<\/strong> Leadership skills, team motivation, communication<\/li>\n<li aria-level=\"1\"><b>Initial situation:<\/b> A middle manager at a medium-sized technology company was under considerable pressure between the strategic expectations of C-level management and growing dissatisfaction within his own team. Declining motivation, defensive communication and tensions within the team were increasingly affecting team performance.<\/li>\n<li aria-level=\"1\"><strong>Objective:<\/strong> <strong>Clarity in the leadership role and effective team leadership.<\/strong> Develop confidence and soft skills to solve the challenges and rebuild team motivation in a sustainable way.<\/li>\n<li aria-level=\"1\"><b>Intervention:<\/b> 1:1 Coaching<\/li>\n<li aria-level=\"1\"><b>Result: Greater clarity, stronger leadership, motivated team. <\/b>The manager developed a significantly stronger leadership presence and clarity in their role vis-\u00e0-vis the C-level and the team. This led to a significant improvement in the implementation of the change process. Optimised communication within the team led to a lasting increase in motivation, personal responsibility and genuine team spirit.<\/li>\n<\/ul>\n<p><i>Referenz \u201eDurch das Coaching habe ich gestalte ich jetzt meine Rolle aktiv und f\u00fchre mein Team professionell und extrem wirksam.\u201c<\/i><\/p>\n<p><b>\u2014 Senior Unit Director, Tech Company<\/b><\/p>\n<h3>Konfliktl\u00f6sung im F\u00fchrungsteam Referenzen &amp; Case Studies<\/h3>\n<ul>\n<li aria-level=\"1\"><strong data-start=\"2312\" data-end=\"2329\">Focus areas:<\/strong> Conflict management, leadership alignment, team dynamics, conflict prevention<\/li>\n<li aria-level=\"1\"><b>Initial situation:<\/b> Tensions had been building up within a management team at a company over a long period of time. Different expectations, communication styles and priorities led to recurring conflicts and made it difficult to make decisions on strategic issues.<\/li>\n<li aria-level=\"1\"><strong>Objective: To create psychological safety within the team and identify potential conflicts preventively. <\/strong>The aim was to stabilise cooperation within the management team by creating psychological safety, to establish a constructive basis for joint decisions and to defuse potential conflicts preventively in the future.<\/li>\n<li aria-level=\"1\"><b>Intervention: <\/b>Leadership workshops and structured conflict resolution discussions.<\/li>\n<li aria-level=\"1\"><b>Result:<\/b> <strong>The management team has a safe space, fewer conflicts, and easier decision-making. <\/strong>The team jointly developed a tailor-made safe space for collaboration and decision-making. Conflicts were significantly reduced, while communication became more constructive and solution-oriented. Strategic collaboration within the management team improved sustainably.<\/li>\n<\/ul>\n<p><i>Referenz \u201eWir hatten alle gemischte Gef\u00fchle zum Inhalt des Team Coachings, da wir diese Konflikte hatten. Anjas Konzept und Vorgehensweise hat das sehr schnell komplett ins Positive umgewandelt: Wir haben alle unsere &#8211; kleinen und gro\u00dfen, unausgesprochene und offene &#8211; Konflikte gel\u00f6st und sind nun in der Lage, einen Safe Space f\u00fcr uns zu schaffen. Das hilft uns und unserem Unternehmen enorm.\u201c<\/i><\/p>\n<p><b>\u2014 Managing Director, medium-sized company, manufacturing<\/b><\/p>\n<h3><b>Interkulturelle Zusammenarbeit in globalen Teams Referenzen &amp; Case Studies<\/b><\/h3>\n<ul>\n<li aria-level=\"1\"><strong data-start=\"2312\" data-end=\"2329\">Focus areas:<\/strong> Intercultural competence, global teams, international cooperation, conflict prevention<\/li>\n<li aria-level=\"1\"><b>Initial situation:<\/b> A team with an international line-up at a globally active company was experiencing considerable friction in its cooperation. Different cultural influences, communication styles and working methods led to misunderstandings, inefficient coordination processes and recurring conflicts within the team.<\/li>\n<li aria-level=\"1\"><strong>Objective: Effective, conflict-reduced cooperation in an international team. <\/strong>The aim was to strengthen intercultural cooperation in the global team, to better understand cultural differences and to reduce language and cultural barriers in daily cooperation. At the same time, a common basis for effective communication and cooperation was to be created.<\/li>\n<li aria-level=\"1\"><b>Intervention: <\/b>Moderated team workshops on cultural awareness and joint development of a framework.<\/li>\n<li aria-level=\"1\"><b>Result:<\/b> <strong>Result: More trust, fewer conflicts, better collaboration. <\/strong>The measures led to significantly improved collaboration. Internal team conflicts were significantly reduced, while mutual understanding, trust and appreciation were strengthened in the long term. Collaboration became more efficient, constructive and productive.<\/li>\n<\/ul>\n<p><i>Referenz \u201eAnja hat unser internationales Team dabei unterst\u00fctzt, kulturelle Unterschiede besser zu verstehen und konstruktiv zu nutzen. Durch ihre Moderation entstand ein offener Dialog im Team, der unsere Zusammenarbeit nachhaltig verbessert hat. Vertrauen, gegenseitiges Verst\u00e4ndnis und Klarheit in der Kommunikation sind seitdem deutlich gewachsen. Danke!\u201c<\/i><\/p>\n<p><b>\u2014 Managing Director, Global Corporate<\/b><\/p>\n<h3>Moderation eines Strategie-Kick-offs Referenzen &amp; Case Studies<\/h3>\n<ul>\n<li data-start=\"2444\" data-end=\"2547\"><strong data-start=\"2444\" data-end=\"2461\">Focus areas:<\/strong> Workshop moderation, strategy development, large group moderation<\/li>\n<li data-start=\"2444\" data-end=\"2547\"><strong>Initial situation:<\/strong> At the start of the financial year, a company planned a cross-departmental strategy kick-off with all departments and the first two management levels. The aim was to jointly develop the strategic direction for the coming year, define key objectives and derive the relevant next steps. Due to the size of the group and the different perspectives of the participants, structured and participatory facilitation was crucial to the success of the workshop.<\/li>\n<li data-start=\"2444\" data-end=\"2547\"><strong>Objective:<\/strong> Strategy for the financial year, concrete next steps for the quarters.<\/li>\n<li data-start=\"3469\" data-end=\"3585\"><strong>Intervention:<\/strong> Workshop.<\/li>\n<li data-start=\"3469\" data-end=\"3585\"><strong>Result:<\/strong> The workshop led to clearly defined strategic goals and concrete next steps for the year. At the same time, a common understanding of the corporate strategy was created, and cross-departmental cooperation was significantly strengthened.<\/li>\n<\/ul>\n<p data-start=\"4275\" data-end=\"4513\"><em>\"The moderator managed to involve all participants and create a very open, productive atmosphere. We achieved our goal and at the same time developed a strong shared commitment for the coming year.\"<\/em><\/p>\n<p data-start=\"4515\" data-end=\"4564\">\u2014 Leadership Team, Municipal Enterprise<\/p>\n<p>&nbsp;<\/p>\n<h3><b>Leadership Trainings for Chancelleries<\/b><\/h3>\n<ul>\n<li aria-level=\"1\"><strong>Focus areas:<\/strong> Leadership skills development, soft skills, management development<\/li>\n<li aria-level=\"1\"><b>Initial situation:<\/b> Managers had varying levels of knowledge about leadership due different levels of prior knowledge and experience in the area of leadership. This resulted in differences in their understanding of leadership, communication and employee development. These heterogeneous starting conditions led to different leadership styles and made it challenging to establish a consistent understanding of leadership within the company.<\/li>\n<li aria-level=\"1\"><strong>Objective:<\/strong> <strong>Systematic<\/strong> <strong>training and development of managers' soft skills to ensure a consistent level of quality.<\/strong> The objective was to develop the leadership and soft skills of managers and to establish a common understanding of modern leadership. At the same time, the aim was to create a uniformly high level of quality in key leadership skills such as communication, feedback, motivation and team leadership.<\/li>\n<li aria-level=\"1\"><b>Intervention:<\/b> Design and implementation of highly practical, interactive training sessions.<\/li>\n<li aria-level=\"1\"><b>Result: High competence and quality in leadership. <\/b>Managers developed a common understanding of key leadership principles and specifically expanded their communication and social leadership skills. This led to a consistent, high level of competence in the area of leadership and, at the same time, strengthened cooperation and exchange between managers.<\/li>\n<\/ul>\n<p><em>\"The feedback on Anja's training courses from our managers is consistently excellent: practical, high-quality, technically sound and with a great deal of enjoyment in working together. Thank you very much!\"<\/em><\/p>\n<p><b>\u2014 Head of Learning and Development, Internationale Chancellery<\/b><\/p>","protected":false},"excerpt":{"rendered":"<p>Referenzen Case Studies Was Kund:innen, Kolleg:innen, Mentees &amp; Peers sagen Professionalit\u00e4t als Fundament &#8211; Ergebnisse als Ma\u00dfstab.\u00a0 Vertrauen ist die wichtigste W\u00e4hrung bei meiner T\u00e4tigkeit &#8211; unabh\u00e4ngig davon, wie wir zusammenarbeiten. Damit Du Dir ein besseres Bild machen kannst, findest Du auf dieser Seite verschiedene Referenzen und Case Studies. Vor allem bei Konflikten und sensiblen [&hellip;]<\/p>\n","protected":false},"author":3,"featured_media":0,"parent":0,"menu_order":4,"comment_status":"closed","ping_status":"closed","template":"","meta":{"footnotes":""},"class_list":["post-3631","page","type-page","status-publish","hentry","entry"],"yoast_head":"<!-- This site is optimized with the Yoast SEO Premium plugin v27.4 (Yoast SEO v27.4) - https:\/\/yoast.com\/product\/yoast-seo-premium-wordpress\/ -->\n<title>Referenzen &amp; Case Studies: Was Kund:innen &amp; Kolleg:innen sagen<\/title>\n<meta name=\"description\" content=\"Referenzen &amp; Case Studies aus der Praxis: Wie Coaching, Workshops, Konfliktcoaching meine Klient:innen nachhaltig erfolgreich machen.\" \/>\n<meta name=\"robots\" content=\"index, follow, max-snippet:-1, max-image-preview:large, max-video-preview:-1\" \/>\n<link rel=\"canonical\" href=\"https:\/\/tigersandflamingos.com\/en\/referenzen-case-studies\/\" \/>\n<meta property=\"og:locale\" content=\"en_GB\" \/>\n<meta property=\"og:type\" content=\"article\" \/>\n<meta property=\"og:title\" content=\"Referenzen &amp; Case Studies\" \/>\n<meta property=\"og:description\" content=\"Referenzen &amp; Case Studies aus der Praxis: Wie Coaching, Workshops, Konfliktcoaching meine Klient:innen nachhaltig erfolgreich machen.\" \/>\n<meta property=\"og:url\" content=\"https:\/\/tigersandflamingos.com\/en\/referenzen-case-studies\/\" \/>\n<meta property=\"og:site_name\" content=\"Tigers &amp; Flamingos GmbH Executive &amp; Leadership Coaching\" \/>\n<meta property=\"article:modified_time\" content=\"2026-03-23T08:36:38+00:00\" \/>\n<meta name=\"twitter:card\" content=\"summary_large_image\" \/>\n<meta name=\"twitter:label1\" content=\"Estimated reading time\" \/>\n\t<meta name=\"twitter:data1\" content=\"8 minutes\" \/>\n<script type=\"application\/ld+json\" class=\"yoast-schema-graph\">{\"@context\":\"https:\\\/\\\/schema.org\",\"@graph\":[{\"@type\":\"WebPage\",\"@id\":\"https:\\\/\\\/tigersandflamingos.com\\\/referenzen-case-studies\\\/\",\"url\":\"https:\\\/\\\/tigersandflamingos.com\\\/referenzen-case-studies\\\/\",\"name\":\"Referenzen & Case Studies: Was Kund:innen & Kolleg:innen sagen\",\"isPartOf\":{\"@id\":\"https:\\\/\\\/tigersandflamingos.com\\\/#website\"},\"datePublished\":\"2026-03-05T12:58:16+00:00\",\"dateModified\":\"2026-03-23T08:36:38+00:00\",\"description\":\"Referenzen & Case Studies aus der Praxis: Wie Coaching, Workshops, Konfliktcoaching meine Klient:innen nachhaltig erfolgreich machen.\",\"breadcrumb\":{\"@id\":\"https:\\\/\\\/tigersandflamingos.com\\\/referenzen-case-studies\\\/#breadcrumb\"},\"inLanguage\":\"en-GB\",\"potentialAction\":[{\"@type\":\"ReadAction\",\"target\":[\"https:\\\/\\\/tigersandflamingos.com\\\/referenzen-case-studies\\\/\"]}]},{\"@type\":\"BreadcrumbList\",\"@id\":\"https:\\\/\\\/tigersandflamingos.com\\\/referenzen-case-studies\\\/#breadcrumb\",\"itemListElement\":[{\"@type\":\"ListItem\",\"position\":1,\"name\":\"Home\",\"item\":\"https:\\\/\\\/tigersandflamingos.com\\\/\"},{\"@type\":\"ListItem\",\"position\":2,\"name\":\"Referenzen &#038; Case Studies\"}]},{\"@type\":\"WebSite\",\"@id\":\"https:\\\/\\\/tigersandflamingos.com\\\/#website\",\"url\":\"https:\\\/\\\/tigersandflamingos.com\\\/\",\"name\":\"Tigers & Flamingos GmbH Coaching & Consulting D\u00fcsseldorf\",\"description\":\"Executive Coaching ICF PCC, Leadership Academy, Coach Academy, Trainings.\",\"publisher\":{\"@id\":\"https:\\\/\\\/tigersandflamingos.com\\\/#organization\"},\"potentialAction\":[{\"@type\":\"SearchAction\",\"target\":{\"@type\":\"EntryPoint\",\"urlTemplate\":\"https:\\\/\\\/tigersandflamingos.com\\\/?s={search_term_string}\"},\"query-input\":{\"@type\":\"PropertyValueSpecification\",\"valueRequired\":true,\"valueName\":\"search_term_string\"}}],\"inLanguage\":\"en-GB\"},{\"@type\":\"Organization\",\"@id\":\"https:\\\/\\\/tigersandflamingos.com\\\/#organization\",\"name\":\"Tigers & Flamingos GmbH\",\"url\":\"https:\\\/\\\/tigersandflamingos.com\\\/\",\"logo\":{\"@type\":\"ImageObject\",\"inLanguage\":\"en-GB\",\"@id\":\"https:\\\/\\\/tigersandflamingos.com\\\/#\\\/schema\\\/logo\\\/image\\\/\",\"url\":\"\\\/wp-content\\\/uploads\\\/cropped-cropped-Tigers-Flamingos-png.avif\",\"contentUrl\":\"\\\/wp-content\\\/uploads\\\/cropped-cropped-Tigers-Flamingos-png.avif\",\"width\":190,\"height\":190,\"caption\":\"Tigers & Flamingos GmbH\"},\"image\":{\"@id\":\"https:\\\/\\\/tigersandflamingos.com\\\/#\\\/schema\\\/logo\\\/image\\\/\"},\"email\":\"hello@tigersandflamingos.com\",\"legalName\":\"Tigers & Flamingos GmbH\",\"vatID\":\"DE344444395\",\"ownershipFundingInfo\":\"https:\\\/\\\/tigersandflamingos.com\\\/impressum\\\/\",\"ethicsPolicy\":\"https:\\\/\\\/tigersandflamingos.com\\\/business-ethics\\\/\",\"diversityPolicy\":\"https:\\\/\\\/tigersandflamingos.com\\\/business-ethics\\\/\"}]}<\/script>\n<!-- \/ Yoast SEO Premium plugin. -->","yoast_head_json":{"title":"Referenzen & Case Studies: Was Kund:innen & Kolleg:innen sagen","description":"Referenzen & Case Studies aus der Praxis: Wie Coaching, Workshops, Konfliktcoaching meine Klient:innen nachhaltig erfolgreich machen.","robots":{"index":"index","follow":"follow","max-snippet":"max-snippet:-1","max-image-preview":"max-image-preview:large","max-video-preview":"max-video-preview:-1"},"canonical":"https:\/\/tigersandflamingos.com\/en\/referenzen-case-studies\/","og_locale":"en_GB","og_type":"article","og_title":"Referenzen & Case Studies","og_description":"Referenzen & Case Studies aus der Praxis: Wie Coaching, Workshops, Konfliktcoaching meine Klient:innen nachhaltig erfolgreich machen.","og_url":"https:\/\/tigersandflamingos.com\/en\/referenzen-case-studies\/","og_site_name":"Tigers &amp; Flamingos GmbH Executive &amp; Leadership Coaching","article_modified_time":"2026-03-23T08:36:38+00:00","twitter_card":"summary_large_image","twitter_misc":{"Estimated reading time":"8 minutes"},"schema":{"@context":"https:\/\/schema.org","@graph":[{"@type":"WebPage","@id":"https:\/\/tigersandflamingos.com\/referenzen-case-studies\/","url":"https:\/\/tigersandflamingos.com\/referenzen-case-studies\/","name":"Referenzen & Case Studies: Was Kund:innen & Kolleg:innen sagen","isPartOf":{"@id":"https:\/\/tigersandflamingos.com\/#website"},"datePublished":"2026-03-05T12:58:16+00:00","dateModified":"2026-03-23T08:36:38+00:00","description":"Referenzen & Case Studies aus der Praxis: Wie Coaching, Workshops, Konfliktcoaching meine Klient:innen nachhaltig erfolgreich machen.","breadcrumb":{"@id":"https:\/\/tigersandflamingos.com\/referenzen-case-studies\/#breadcrumb"},"inLanguage":"en-GB","potentialAction":[{"@type":"ReadAction","target":["https:\/\/tigersandflamingos.com\/referenzen-case-studies\/"]}]},{"@type":"BreadcrumbList","@id":"https:\/\/tigersandflamingos.com\/referenzen-case-studies\/#breadcrumb","itemListElement":[{"@type":"ListItem","position":1,"name":"Home","item":"https:\/\/tigersandflamingos.com\/"},{"@type":"ListItem","position":2,"name":"Referenzen &#038; Case Studies"}]},{"@type":"WebSite","@id":"https:\/\/tigersandflamingos.com\/#website","url":"https:\/\/tigersandflamingos.com\/","name":"Tigers & Flamingos GmbH Coaching & Consulting D\u00fcsseldorf","description":"Executive Coaching ICF PCC, Leadership Academy, Coach Academy, Trainings.","publisher":{"@id":"https:\/\/tigersandflamingos.com\/#organization"},"potentialAction":[{"@type":"SearchAction","target":{"@type":"EntryPoint","urlTemplate":"https:\/\/tigersandflamingos.com\/?s={search_term_string}"},"query-input":{"@type":"PropertyValueSpecification","valueRequired":true,"valueName":"search_term_string"}}],"inLanguage":"en-GB"},{"@type":"Organization","@id":"https:\/\/tigersandflamingos.com\/#organization","name":"Tigers & Flamingos GmbH","url":"https:\/\/tigersandflamingos.com\/","logo":{"@type":"ImageObject","inLanguage":"en-GB","@id":"https:\/\/tigersandflamingos.com\/#\/schema\/logo\/image\/","url":"\/wp-content\/uploads\/cropped-cropped-Tigers-Flamingos-png.avif","contentUrl":"\/wp-content\/uploads\/cropped-cropped-Tigers-Flamingos-png.avif","width":190,"height":190,"caption":"Tigers & Flamingos GmbH"},"image":{"@id":"https:\/\/tigersandflamingos.com\/#\/schema\/logo\/image\/"},"email":"hello@tigersandflamingos.com","legalName":"Tigers & Flamingos GmbH","vatID":"DE344444395","ownershipFundingInfo":"https:\/\/tigersandflamingos.com\/impressum\/","ethicsPolicy":"https:\/\/tigersandflamingos.com\/business-ethics\/","diversityPolicy":"https:\/\/tigersandflamingos.com\/business-ethics\/"}]}},"_links":{"self":[{"href":"https:\/\/tigersandflamingos.com\/en\/wp-json\/wp\/v2\/pages\/3631","targetHints":{"allow":["GET"]}}],"collection":[{"href":"https:\/\/tigersandflamingos.com\/en\/wp-json\/wp\/v2\/pages"}],"about":[{"href":"https:\/\/tigersandflamingos.com\/en\/wp-json\/wp\/v2\/types\/page"}],"author":[{"embeddable":true,"href":"https:\/\/tigersandflamingos.com\/en\/wp-json\/wp\/v2\/users\/3"}],"replies":[{"embeddable":true,"href":"https:\/\/tigersandflamingos.com\/en\/wp-json\/wp\/v2\/comments?post=3631"}],"version-history":[{"count":64,"href":"https:\/\/tigersandflamingos.com\/en\/wp-json\/wp\/v2\/pages\/3631\/revisions"}],"predecessor-version":[{"id":3707,"href":"https:\/\/tigersandflamingos.com\/en\/wp-json\/wp\/v2\/pages\/3631\/revisions\/3707"}],"wp:attachment":[{"href":"https:\/\/tigersandflamingos.com\/en\/wp-json\/wp\/v2\/media?parent=3631"}],"curies":[{"name":"wp","href":"https:\/\/api.w.org\/{rel}","templated":true}]}}