{"id":3408,"date":"2025-09-02T09:16:24","date_gmt":"2025-09-02T07:16:24","guid":{"rendered":"https:\/\/tigersandflamingos.com\/?page_id=3408"},"modified":"2026-02-11T16:21:37","modified_gmt":"2026-02-11T15:21:37","slug":"anja-karina-mundinger","status":"publish","type":"page","link":"https:\/\/tigersandflamingos.com\/en\/anja-karina-mundinger\/","title":{"rendered":"Anja Karina Mundinger"},"content":{"rendered":"<h3><strong>.<img loading=\"lazy\" decoding=\"async\" class=\"alignnone wp-image-2658\" src=\"\/wp-content\/uploads\/Anja-Karina-Mundinger-scaled-e1744524871839.avif\" alt=\"Anja Karina Mundinger ICF (International Coaching Federation) PCC Coach. Coaching in D\u00fcsseldorf, Remote and Online. Executive &amp; Leadership Coaching ICF PCC, Mentor Coach, Coaching, Coach Academy, Leadership Academy. Standing in front of a patterned wall made of colourful tiles in D\u00fcsseldorf.\" width=\"518\" height=\"532\" \/><\/strong><\/h3>\n<h1>Anja Karina Mundinger ICF PCC<\/h1>\n<h2>Coaching D\u00fcsseldorf, Transformation D\u00fcsseldorf, Executive Coach D\u00fcsseldorf<\/h2>\n<p><strong>Bist du auf der Suche nach einer Coach, die h\u00f6chste professionelle Standards mit fundierter Praxiserfahrung verbindet? Ich helfe dir, dein Team und deine Organisation durch die Komplexit\u00e4t von globalem Leadership und organisatorischem Wandel zu navigieren.<\/strong><br \/>\nDann sage ich: &#8222;Herzlich willkommen, sch\u00f6n dich kennenzulernen!&#8220;. Ich bin Anja Karina Mundinger, ICF Coach, und meine Mission ist es, als Anja Karina Mundinger Coach meine Coachees durch Coaching nachhaltig erfolgreich zu machen.<\/p>\n<p>My working methodology is rooted in<\/p>\n<ul>\n<li><strong>professional ICF coaching,<\/strong>enhanced by a<\/li>\n<li>deep understanding of professional <strong>tranformation<\/strong> and<\/li>\n<li>underpinned by a proven track record of extensive <strong>international and intercultural leadership experience.<\/strong>.<\/li>\n<\/ul>\n<p>In den Sessions biete ich, Anja Karina Mundinger Coach, fundiertes Fachwissen und praxiserprobte, ergebnisorientierte Ans\u00e4tze, um dich und dein Team auf eurem Weg zum Erfolg zu unterst\u00fctzen.<\/p>\n<p>&nbsp;<\/p>\n<h3>Professional ICF Coaching: A Foundation of Excellence<\/h3>\n<h3><a href=\"https:\/\/www.credly.com\/badges\/eecc6a2b-bf3d-4a0e-9442-c4c5b63209d7\" target=\"_blank\" rel=\"noopener\"><img loading=\"lazy\" decoding=\"async\" class=\"alignnone wp-image-3599\" src=\"\/wp-content\/uploads\/PCC-Badge-International-Coaching-Federation.avif\" alt=\"\" width=\"101\" height=\"100\" srcset=\"\/wp-content\/uploads\/PCC-Badge-International-Coaching-Federation.avif 640w, \/wp-content\/uploads\/PCC-Badge-International-Coaching-Federation-300x297.avif 300w, \/wp-content\/uploads\/PCC-Badge-International-Coaching-Federation-150x150.avif 150w, \/wp-content\/uploads\/PCC-Badge-International-Coaching-Federation-12x12.avif 12w\" sizes=\"auto, (max-width: 101px) 100vw, 101px\" \/><\/a><\/h3>\n<p>As <strong>PCC (Professional Certified Coach)<\/strong> mit Akkreditierung durch die International Coaching Federation (ICF) halte ich mich an die h\u00f6chsten globalen Standards f\u00fcr exzellentes Coaching. Der ICF-Ethikkodex bestimmt streng meine Arbeitsethik und gew\u00e4hrleistet Vertraulichkeit sowie Integrit\u00e4t. Er bietet auch einen kundenorientierten Ansatz bei jedem Auftrag.<\/p>\n<h3><img loading=\"lazy\" decoding=\"async\" class=\"wp-image-3438 alignright\" src=\"\/wp-content\/uploads\/ICF-Ribbons-e1756280016806.avif\" alt=\"Anja Karina Mundinger Ribbons ICF International Coaching Federation\" width=\"172\" height=\"106\" srcset=\"\/wp-content\/uploads\/ICF-Ribbons-e1756280016806.avif 617w, \/wp-content\/uploads\/ICF-Ribbons-e1756280016806-300x185.avif 300w, \/wp-content\/uploads\/ICF-Ribbons-e1756280016806-18x12.avif 18w\" sizes=\"auto, (max-width: 172px) 100vw, 172px\" \/><\/h3>\n<p>My roles as an <strong>ICF Mentor Coach<\/strong> and <strong>ICF Accredited Coach Educator<\/strong> further demonstrate my commitment to continuous professional development. This robust foundation ensures that my coaching methodology is profoundly skilled and trustworthy.<\/p>\n<p>&nbsp;<\/p>\n<p>Additionally, my certified education as a <strong>Systemic Business Coach (dvct) &amp; Systemic Team Coach<\/strong> ausgebildet. Somit gehe ich Herausforderungen ganzheitlich an und verstehe, wie einzelne Probleme innerhalb gr&amp;ouml;&amp;szlig;erer Organisationssysteme zusammenh&amp;auml;ngen. Dadurch schaffe ich nachhaltige und wirkungsvolle L\u00f6sungen.<\/p>\n<p>&nbsp;<\/p>\n<h3>Experienced Professional Transformation: Navigating Change<\/h3>\n<p>My career journey has been marked by numerous significant professional transformations, including<\/p>\n<ul>\n<li>moving into my first leadership role at 23,<\/li>\n<li>studying both Business Administration and Textile Engineering,<\/li>\n<li>holding diverse job roles,<\/li>\n<li>embarking on international assignments across various sectors, and<\/li>\n<li>changing career paths.<\/li>\n<\/ul>\n<p>Thus, I possess firsthand experience of substantial shifts as a leader and also as a team member: Ranging from reorganisations, over the implementation of profound new working methods and tools, to changing the job completely.<\/p>\n<p>More than ever, navigating through change also includes acknowledging and managing emotions: I am very well aware of the questions, concerns, and anxieties that employees and leaders may encounter during periods of transformation and reorganisation.<\/p>\n<p>Basierend auf meiner umfangreichen Erfahrung mit Transformationen kann ich dich und dein Team begleiten. Dies geschieht mit einem geradlinigen, strategischen und empathischen Ansatz. Ziel ist es, Resilienz aufzubauen und eine erfolgreiche Anpassung an die neuen Gegebenheiten zu unterst\u00fctzen.<\/p>\n<p>&nbsp;<\/p>\n<h3><\/h3>\n<h3>Cross-cultural leadership skills: Building bridges between worlds<\/h3>\n<p><strong>Connecting people, understanding differences and leveraging diversity as a strength<\/strong> \u2013 that is precisely where my passion and expertise lie.<\/p>\n<p>Growing up in the border triangle of Germany, France and Switzerland, I have <strong>experienced interculturality as a living reality since childhood.<\/strong> These formative years have sharpened my eye for different perspectives and deeply rooted my openness to other cultures.<\/p>\n<p><strong>My professional career has taken me to China and Finland, among other places.<\/strong> Dort erlebte ich t\u00e4glich, wie sehr kulturelle Unterschiede die Zusammenarbeit beeinflussen. Es zeigte mir, wie wertvoll es ist, Br\u00fccken zu bauen, wo zun\u00e4chst Grenzen erlebbar sind. Diese Erlebnisse haben mein Gesp\u00fcr f\u00fcr die feinen Nuancen menschlicher Interaktion vertieft. Ich lernte, wie kulturelle Vielfalt zu einem echten Wettbewerbsvorteil wird.<\/p>\n<p>Today, I support executives and teams <strong>in developing precisely this strength:<\/strong>: kulturelle Unterschiede zu respektieren und aktiv f\u00fcr eine erfolgreiche Zusammenarbeit zu nutzen. Gemeinsam arbeiten wir daran, dass du und dein Team in internationalen Kontexten sicher auftreten. So k\u00f6nnen Missverst\u00e4ndnisse pr\u00e4ventiv vermieden und nachhaltig von globaler Vielfalt profitiert werden.<\/p>\n<p>Thanks <strong>to my language skills in German, English and French<\/strong> \u2013 erg\u00e4nzt durch Grundkenntnisse in Italienisch und Chinesisch \u2013 bewege ich mich souver\u00e4n zwischen Kulturen. Ich erm\u00f6gliche klare, verbindende Kommunikation \u00fcber Grenzen hinweg.<\/p>\n<p>Mit meiner Erfahrung aus erster Hand entwickeln wir die Kompetenzen, wie du und dein Team in komplexen, globalen Umfeldern erfolgreich seid. Diese Kompetenzen sind <strong>empathisch, authentisch, flexibel und zukunftsorientiert.<\/strong><\/p>\n<p>&nbsp;<\/p>\n<h3>My Unique Approach: Strategic Insight Meets Hands-on Solutions<\/h3>\n<p>Die Synergie aus meiner fundierten ICF Coaching Expertise und meiner profunden Erfahrung in der beruflichen Transformation ist meine St&amp;auml;rke. Mein interkultureller F\u00fchrungshintergrund ist meine Kompetenz. Ich unterst\u00fctze dich und dein Team dabei, Herausforderungen zu meistern und komplexe, kulturell gepr\u00e4gte Situationen erfolgreich zu navigieren.<br \/>\nMein Coaching ist stets praxis- und ergebnisorientiert, sodass du und dein Team konkrete, messbare Fortschritte erzielst. Ich bin deine strategische Sparringspartnerin und unterst\u00fctze dich mit klarem Fokus auf dem Weg zum Erreichen deiner Ziele. Zudem st\u00e4rke ich deine F\u00fchrungskompetenzen, wobei ich stets den Schwerpunkt auf die praktische Anwendung und konkrete Ergebnisse lege.<br \/>\nMit meinem Toolkit konzentriere ich mich darauf, dir die umfassenden Kompetenzen zu vermitteln, die du f\u00fcr den Erfolg in jedem komplexen F\u00fchrungsumfeld ben\u00f6tigst.<\/p>\n<h3><\/h3>\n<p>&nbsp;<\/p>\n<h3>Your path to increased clarity and success<\/h3>\n<p>My <strong>philosophie<\/strong> ist einfach. Ich schaffe einen psychologisch sicheren und vertraulichen Rahmen, der erfolgreiche Zusammenarbeit unterst\u00fctzt. In diesem Umfeld k\u00f6nnen wir gemeinsam die strategischen Ver\u00e4nderungen ansto\u00dfen, die du f\u00fcr deinen Erfolg und den deines Teams brauchst.<\/p>\n<p>&nbsp;<\/p>\n<h3>My client list:<\/h3>\n<ul>\n<li>Bereiche: Automotive, Beauty\/Cosmetics, Consulting, Dienstleistung, Handel, Handwerk, Hospitality, Law, Marketing &amp; Kommunikation, Pflege, Produktion, Soziale Bereiche, Tax, Technology.<\/li>\n<li>Unternehmen: Corporates, KMU, Mittelstand, Familienunternehmen, kommunale Unternehmen, Kommunen, Start-Ups, Scale-Ups.<\/li>\n<\/ul>\n<p>&nbsp;<\/p>\n<h3>Publications:<\/h3>\n<ul>\n<li>Leadership Street &#8211; A Tigers &amp; Flamingos\u00ae Workbook: <a href=\"https:\/\/amzn.eu\/d\/2a7jiYo\" target=\"_blank\" rel=\"noopener\">Link<\/a><\/li>\n<li>Coaching Club Podcast: <a href=\"https:\/\/open.spotify.com\/show\/4Dtb2sOuE5kZfq3N6gA3cw?si=89d273057aa54636\" target=\"_blank\" rel=\"noopener\">Link<\/a>:<\/li>\n<\/ul>\n<p>&nbsp;<\/p>","protected":false},"excerpt":{"rendered":"<p>. Anja Karina Mundinger ICF PCC Coaching D\u00fcsseldorf, Transformation D\u00fcsseldorf, Executive Coach D\u00fcsseldorf Bist du auf der Suche nach einer Coach, die h\u00f6chste professionelle Standards mit fundierter Praxiserfahrung verbindet? Ich helfe dir, dein Team und deine Organisation durch die Komplexit\u00e4t von globalem Leadership und organisatorischem Wandel zu navigieren. Dann sage ich: &#8222;Herzlich willkommen, sch\u00f6n dich [&hellip;]<\/p>\n","protected":false},"author":3,"featured_media":0,"parent":0,"menu_order":7,"comment_status":"closed","ping_status":"closed","template":"","meta":{"footnotes":""},"class_list":["post-3408","page","type-page","status-publish","hentry","entry"],"yoast_head":"<!-- This site is optimized with the Yoast SEO Premium plugin v27.2 (Yoast SEO v27.3) - https:\/\/yoast.com\/product\/yoast-seo-premium-wordpress\/ -->\n<title>Anja Karina Mundinger: Coach ICF PCC<\/title>\n<meta name=\"description\" content=\"Mission, Prinzipien, Werte, Weiterbildungen, Award, Berufserfahrung, Engagement von Anja Karina Mundinger ICF PCC Coach\" \/>\n<meta name=\"robots\" content=\"index, follow, max-snippet:-1, max-image-preview:large, max-video-preview:-1\" \/>\n<link rel=\"canonical\" href=\"https:\/\/tigersandflamingos.com\/en\/anja-karina-mundinger\/\" \/>\n<meta property=\"og:locale\" content=\"en_GB\" \/>\n<meta property=\"og:type\" content=\"article\" \/>\n<meta property=\"og:title\" content=\"Anja Karina Mundinger\" \/>\n<meta property=\"og:description\" content=\"Mission, Prinzipien, Werte, Weiterbildungen, Award, Berufserfahrung, Engagement von Anja Karina Mundinger ICF PCC Coach\" \/>\n<meta property=\"og:url\" content=\"https:\/\/tigersandflamingos.com\/en\/anja-karina-mundinger\/\" \/>\n<meta property=\"og:site_name\" content=\"Tigers &amp; Flamingos GmbH Executive &amp; Leadership Coaching\" \/>\n<meta property=\"article:modified_time\" content=\"2026-02-11T15:21:37+00:00\" \/>\n<meta name=\"twitter:card\" content=\"summary_large_image\" \/>\n<meta name=\"twitter:label1\" content=\"Estimated reading time\" \/>\n\t<meta name=\"twitter:data1\" content=\"6 minutes\" \/>\n<script type=\"application\/ld+json\" class=\"yoast-schema-graph\">{\"@context\":\"https:\\\/\\\/schema.org\",\"@graph\":[{\"@type\":\"WebPage\",\"@id\":\"https:\\\/\\\/tigersandflamingos.com\\\/anja-karina-mundinger\\\/\",\"url\":\"https:\\\/\\\/tigersandflamingos.com\\\/anja-karina-mundinger\\\/\",\"name\":\"Anja Karina Mundinger: Coach ICF PCC\",\"isPartOf\":{\"@id\":\"https:\\\/\\\/tigersandflamingos.com\\\/#website\"},\"datePublished\":\"2025-09-02T07:16:24+00:00\",\"dateModified\":\"2026-02-11T15:21:37+00:00\",\"description\":\"Mission, Prinzipien, Werte, Weiterbildungen, Award, Berufserfahrung, Engagement von Anja Karina Mundinger ICF PCC Coach\",\"breadcrumb\":{\"@id\":\"https:\\\/\\\/tigersandflamingos.com\\\/anja-karina-mundinger\\\/#breadcrumb\"},\"inLanguage\":\"en-GB\",\"potentialAction\":[{\"@type\":\"ReadAction\",\"target\":[\"https:\\\/\\\/tigersandflamingos.com\\\/anja-karina-mundinger\\\/\"]}]},{\"@type\":\"BreadcrumbList\",\"@id\":\"https:\\\/\\\/tigersandflamingos.com\\\/anja-karina-mundinger\\\/#breadcrumb\",\"itemListElement\":[{\"@type\":\"ListItem\",\"position\":1,\"name\":\"Home\",\"item\":\"https:\\\/\\\/tigersandflamingos.com\\\/\"},{\"@type\":\"ListItem\",\"position\":2,\"name\":\"Anja Karina Mundinger\"}]},{\"@type\":\"WebSite\",\"@id\":\"https:\\\/\\\/tigersandflamingos.com\\\/#website\",\"url\":\"https:\\\/\\\/tigersandflamingos.com\\\/\",\"name\":\"Tigers & Flamingos GmbH Coaching & Consulting D\u00fcsseldorf\",\"description\":\"Executive Coaching ICF PCC, Leadership Academy, Coach Academy, Trainings.\",\"publisher\":{\"@id\":\"https:\\\/\\\/tigersandflamingos.com\\\/#organization\"},\"potentialAction\":[{\"@type\":\"SearchAction\",\"target\":{\"@type\":\"EntryPoint\",\"urlTemplate\":\"https:\\\/\\\/tigersandflamingos.com\\\/?s={search_term_string}\"},\"query-input\":{\"@type\":\"PropertyValueSpecification\",\"valueRequired\":true,\"valueName\":\"search_term_string\"}}],\"inLanguage\":\"en-GB\"},{\"@type\":\"Organization\",\"@id\":\"https:\\\/\\\/tigersandflamingos.com\\\/#organization\",\"name\":\"Tigers & Flamingos GmbH\",\"url\":\"https:\\\/\\\/tigersandflamingos.com\\\/\",\"logo\":{\"@type\":\"ImageObject\",\"inLanguage\":\"en-GB\",\"@id\":\"https:\\\/\\\/tigersandflamingos.com\\\/#\\\/schema\\\/logo\\\/image\\\/\",\"url\":\"\\\/wp-content\\\/uploads\\\/cropped-cropped-Tigers-Flamingos-png.avif\",\"contentUrl\":\"\\\/wp-content\\\/uploads\\\/cropped-cropped-Tigers-Flamingos-png.avif\",\"width\":190,\"height\":190,\"caption\":\"Tigers & Flamingos GmbH\"},\"image\":{\"@id\":\"https:\\\/\\\/tigersandflamingos.com\\\/#\\\/schema\\\/logo\\\/image\\\/\"},\"email\":\"hello@tigersandflamingos.com\",\"legalName\":\"Tigers & Flamingos GmbH\",\"vatID\":\"DE344444395\",\"ownershipFundingInfo\":\"https:\\\/\\\/tigersandflamingos.com\\\/impressum\\\/\",\"ethicsPolicy\":\"https:\\\/\\\/tigersandflamingos.com\\\/business-ethics\\\/\",\"diversityPolicy\":\"https:\\\/\\\/tigersandflamingos.com\\\/business-ethics\\\/\"}]}<\/script>\n<!-- \/ Yoast SEO Premium plugin. -->","yoast_head_json":{"title":"Anja Karina Mundinger: Coach ICF PCC","description":"Mission, Prinzipien, Werte, Weiterbildungen, Award, Berufserfahrung, Engagement von Anja Karina Mundinger ICF PCC Coach","robots":{"index":"index","follow":"follow","max-snippet":"max-snippet:-1","max-image-preview":"max-image-preview:large","max-video-preview":"max-video-preview:-1"},"canonical":"https:\/\/tigersandflamingos.com\/en\/anja-karina-mundinger\/","og_locale":"en_GB","og_type":"article","og_title":"Anja Karina Mundinger","og_description":"Mission, Prinzipien, Werte, Weiterbildungen, Award, Berufserfahrung, Engagement von Anja Karina Mundinger ICF PCC Coach","og_url":"https:\/\/tigersandflamingos.com\/en\/anja-karina-mundinger\/","og_site_name":"Tigers &amp; Flamingos GmbH Executive &amp; Leadership Coaching","article_modified_time":"2026-02-11T15:21:37+00:00","twitter_card":"summary_large_image","twitter_misc":{"Estimated reading time":"6 minutes"},"schema":{"@context":"https:\/\/schema.org","@graph":[{"@type":"WebPage","@id":"https:\/\/tigersandflamingos.com\/anja-karina-mundinger\/","url":"https:\/\/tigersandflamingos.com\/anja-karina-mundinger\/","name":"Anja Karina Mundinger: Coach ICF PCC","isPartOf":{"@id":"https:\/\/tigersandflamingos.com\/#website"},"datePublished":"2025-09-02T07:16:24+00:00","dateModified":"2026-02-11T15:21:37+00:00","description":"Mission, Prinzipien, Werte, Weiterbildungen, Award, Berufserfahrung, Engagement von Anja Karina Mundinger ICF PCC Coach","breadcrumb":{"@id":"https:\/\/tigersandflamingos.com\/anja-karina-mundinger\/#breadcrumb"},"inLanguage":"en-GB","potentialAction":[{"@type":"ReadAction","target":["https:\/\/tigersandflamingos.com\/anja-karina-mundinger\/"]}]},{"@type":"BreadcrumbList","@id":"https:\/\/tigersandflamingos.com\/anja-karina-mundinger\/#breadcrumb","itemListElement":[{"@type":"ListItem","position":1,"name":"Home","item":"https:\/\/tigersandflamingos.com\/"},{"@type":"ListItem","position":2,"name":"Anja Karina Mundinger"}]},{"@type":"WebSite","@id":"https:\/\/tigersandflamingos.com\/#website","url":"https:\/\/tigersandflamingos.com\/","name":"Tigers & Flamingos GmbH Coaching & Consulting D\u00fcsseldorf","description":"Executive Coaching ICF PCC, Leadership Academy, Coach Academy, Trainings.","publisher":{"@id":"https:\/\/tigersandflamingos.com\/#organization"},"potentialAction":[{"@type":"SearchAction","target":{"@type":"EntryPoint","urlTemplate":"https:\/\/tigersandflamingos.com\/?s={search_term_string}"},"query-input":{"@type":"PropertyValueSpecification","valueRequired":true,"valueName":"search_term_string"}}],"inLanguage":"en-GB"},{"@type":"Organization","@id":"https:\/\/tigersandflamingos.com\/#organization","name":"Tigers & Flamingos GmbH","url":"https:\/\/tigersandflamingos.com\/","logo":{"@type":"ImageObject","inLanguage":"en-GB","@id":"https:\/\/tigersandflamingos.com\/#\/schema\/logo\/image\/","url":"\/wp-content\/uploads\/cropped-cropped-Tigers-Flamingos-png.avif","contentUrl":"\/wp-content\/uploads\/cropped-cropped-Tigers-Flamingos-png.avif","width":190,"height":190,"caption":"Tigers & Flamingos GmbH"},"image":{"@id":"https:\/\/tigersandflamingos.com\/#\/schema\/logo\/image\/"},"email":"hello@tigersandflamingos.com","legalName":"Tigers & Flamingos GmbH","vatID":"DE344444395","ownershipFundingInfo":"https:\/\/tigersandflamingos.com\/impressum\/","ethicsPolicy":"https:\/\/tigersandflamingos.com\/business-ethics\/","diversityPolicy":"https:\/\/tigersandflamingos.com\/business-ethics\/"}]}},"_links":{"self":[{"href":"https:\/\/tigersandflamingos.com\/en\/wp-json\/wp\/v2\/pages\/3408","targetHints":{"allow":["GET"]}}],"collection":[{"href":"https:\/\/tigersandflamingos.com\/en\/wp-json\/wp\/v2\/pages"}],"about":[{"href":"https:\/\/tigersandflamingos.com\/en\/wp-json\/wp\/v2\/types\/page"}],"author":[{"embeddable":true,"href":"https:\/\/tigersandflamingos.com\/en\/wp-json\/wp\/v2\/users\/3"}],"replies":[{"embeddable":true,"href":"https:\/\/tigersandflamingos.com\/en\/wp-json\/wp\/v2\/comments?post=3408"}],"version-history":[{"count":56,"href":"https:\/\/tigersandflamingos.com\/en\/wp-json\/wp\/v2\/pages\/3408\/revisions"}],"predecessor-version":[{"id":3627,"href":"https:\/\/tigersandflamingos.com\/en\/wp-json\/wp\/v2\/pages\/3408\/revisions\/3627"}],"wp:attachment":[{"href":"https:\/\/tigersandflamingos.com\/en\/wp-json\/wp\/v2\/media?parent=3408"}],"curies":[{"name":"wp","href":"https:\/\/api.w.org\/{rel}","templated":true}]}}