{"id":3254,"date":"2025-06-11T18:06:23","date_gmt":"2025-06-11T16:06:23","guid":{"rendered":"https:\/\/tigersandflamingos.com\/?page_id=3254"},"modified":"2025-11-03T16:30:55","modified_gmt":"2025-11-03T15:30:55","slug":"managing-first-impressions","status":"publish","type":"page","link":"https:\/\/tigersandflamingos.com\/en\/managing-first-impressions\/","title":{"rendered":"Managing First Impressions: (Re-)framing the Mental Picture \ud83e\ude9e"},"content":{"rendered":"<h2><strong>Managing First Impressions<\/strong><\/h2>\n<p><strong>You never get a second chance to make a first impression - so the saying goes.<\/strong><\/p>\n<p>Managing First Impressions. Das trifft exakt den Kern, was den ersten Eindruck so schwierig macht: Wenn wir uns erst einmal eine Meinung \u00fcber jemanden oder ein Thema gebildet haben, ist es schwer , uns davon zu \u00fcberzeugen, diese zu \u00e4ndern.<\/p>\n<p>The same is also true for our first impression about ourselves: Our self-assessment.<br \/>\nEspecially for us coaches, it is invaluable to understand:<\/p>\n<ul>\n<li>How do I assess or describe myself?<\/li>\n<li>Does my assessment match the impression I communicate?<\/li>\n<li>Or might I even communicate a better picture?<\/li>\n<li>Thus, wouldn't it be great to test my self-assessment by matching it with the first impression others have of me?<\/li>\n<\/ul>\n<h3><\/h3>\n<p>&nbsp;<\/p>\n<h3>Weshalb es sich lohnt, an diesem Kurs teilzunehmen: Managing First Impressions<\/h3>\n<p><strong>In this practice-oriented and highly interactive program, you will...<\/strong><\/p>\n<ul>\n<li>... have a unique opportunity to understand your first impression.<\/li>\n<li>... match your personal assessment with the first impression you convey.<\/li>\n<li>... have (re-)framed the mental picture of yourself.<\/li>\n<li>... get insights about yourself and transfer them into learnings that you can apply in your daily life and coaching sessions.<\/li>\n<li>... enhance your coaching toolbox: You will work on practical methods to further develop your coaching skills.<\/li>\n<\/ul>\n<p>&nbsp;<\/p>\n<p>&nbsp;<\/p>\n<h3><strong>Agenda<\/strong><\/h3>\n<p>After registering, you will receive an email with tasks to prepare for the course. Based on your answers, we will personalise the course to ensure that the content is perfectly tailored to your requirements.<\/p>\n<ul>\n<li><strong>Agenda:<\/strong>\n<ul>\n<li>State of the art research regarding the first impression.<\/li>\n<li>Self- Reflection \/ Self-Assessment.<\/li>\n<li>Group work.<\/li>\n<li>(Re-)framing your first impression.<\/li>\n<li>Feedback &amp; next steps.<\/li>\n<\/ul>\n<\/li>\n<\/ul>\n<p>&nbsp;<\/p>\n<h3><strong data-wp-editing=\"1\">You will of course... <img loading=\"lazy\" decoding=\"async\" class=\"alignright wp-image-2483\" src=\"\/wp-content\/uploads\/ICF-CCE-Color-png.avif\" alt=\"Managing First Impressions, Coach Academy, Tigers &amp; Flamingos GmbH\" width=\"185\" height=\"165\" \/><br \/>\n<\/strong><\/h3>\n<ul>\n<li>... receive a certificate of participation.<\/li>\n<li>&#8230; <strong>recieve 3 CCEUs:<\/strong> 1,5 in Core Competencies &amp; 1,5 Resource Development.<\/li>\n<li>... collaborate with other coaches.<\/li>\n<li>... expand your professional network.<\/li>\n<\/ul>\n<p>&nbsp;<\/p>","protected":false},"excerpt":{"rendered":"<p>Managing First Impressions Es gibt keine zweite Chance f\u00fcr den ersten Eindruck &#8211; so sagt das Sprichwort. Managing First Impressions. Das trifft exakt den Kern, was den ersten Eindruck so schwierig macht: Wenn wir uns erst einmal eine Meinung \u00fcber jemanden oder ein Thema gebildet haben, ist es schwer , uns davon zu \u00fcberzeugen, diese [&hellip;]<\/p>\n","protected":false},"author":3,"featured_media":0,"parent":0,"menu_order":3,"comment_status":"closed","ping_status":"closed","template":"","meta":{"footnotes":""},"class_list":["post-3254","page","type-page","status-publish","hentry","entry"],"yoast_head":"<!-- This site is optimized with the Yoast SEO Premium plugin v27.2 (Yoast SEO v27.3) - https:\/\/yoast.com\/product\/yoast-seo-premium-wordpress\/ -->\n<title>Coach Academy: Weiterbildung f\u00fcr Coaches<\/title>\n<meta name=\"description\" content=\"Entdecke die Coach Academy &amp; erfahre, wie sie du deine F\u00e4higkeiten &amp; Coaching Skills ausbauen kannst. Praxisnah &amp; relevant.\" \/>\n<meta name=\"robots\" content=\"index, follow, max-snippet:-1, max-image-preview:large, max-video-preview:-1\" \/>\n<link rel=\"canonical\" href=\"https:\/\/tigersandflamingos.com\/en\/managing-first-impressions\/\" \/>\n<meta property=\"og:locale\" content=\"en_GB\" \/>\n<meta property=\"og:type\" content=\"article\" \/>\n<meta property=\"og:title\" content=\"Managing First Impressions: (Re-)framing the Mental Picture \ud83e\ude9e\" \/>\n<meta property=\"og:description\" content=\"Entdecke die Coach Academy &amp; erfahre, wie sie du deine F\u00e4higkeiten &amp; Coaching Skills ausbauen kannst. Praxisnah &amp; relevant.\" \/>\n<meta property=\"og:url\" content=\"https:\/\/tigersandflamingos.com\/en\/managing-first-impressions\/\" \/>\n<meta property=\"og:site_name\" content=\"Tigers &amp; Flamingos GmbH Executive &amp; Leadership Coaching\" \/>\n<meta property=\"article:modified_time\" content=\"2025-11-03T15:30:55+00:00\" \/>\n<meta name=\"twitter:card\" content=\"summary_large_image\" \/>\n<meta name=\"twitter:label1\" content=\"Estimated reading time\" \/>\n\t<meta name=\"twitter:data1\" content=\"2 minutes\" \/>\n<script type=\"application\/ld+json\" class=\"yoast-schema-graph\">{\"@context\":\"https:\\\/\\\/schema.org\",\"@graph\":[{\"@type\":\"WebPage\",\"@id\":\"https:\\\/\\\/tigersandflamingos.com\\\/managing-first-impressions\\\/\",\"url\":\"https:\\\/\\\/tigersandflamingos.com\\\/managing-first-impressions\\\/\",\"name\":\"Coach Academy: Weiterbildung f\u00fcr Coaches\",\"isPartOf\":{\"@id\":\"https:\\\/\\\/tigersandflamingos.com\\\/#website\"},\"datePublished\":\"2025-06-11T16:06:23+00:00\",\"dateModified\":\"2025-11-03T15:30:55+00:00\",\"description\":\"Entdecke die Coach Academy & erfahre, wie sie du deine F\u00e4higkeiten & Coaching Skills ausbauen kannst. Praxisnah & relevant.\",\"breadcrumb\":{\"@id\":\"https:\\\/\\\/tigersandflamingos.com\\\/managing-first-impressions\\\/#breadcrumb\"},\"inLanguage\":\"en-GB\",\"potentialAction\":[{\"@type\":\"ReadAction\",\"target\":[\"https:\\\/\\\/tigersandflamingos.com\\\/managing-first-impressions\\\/\"]}]},{\"@type\":\"BreadcrumbList\",\"@id\":\"https:\\\/\\\/tigersandflamingos.com\\\/managing-first-impressions\\\/#breadcrumb\",\"itemListElement\":[{\"@type\":\"ListItem\",\"position\":1,\"name\":\"Home\",\"item\":\"https:\\\/\\\/tigersandflamingos.com\\\/\"},{\"@type\":\"ListItem\",\"position\":2,\"name\":\"Managing first impressions: (Re-)framing the Mental Picture\"}]},{\"@type\":\"WebSite\",\"@id\":\"https:\\\/\\\/tigersandflamingos.com\\\/#website\",\"url\":\"https:\\\/\\\/tigersandflamingos.com\\\/\",\"name\":\"Tigers & Flamingos GmbH Coaching & Consulting D\u00fcsseldorf\",\"description\":\"Executive Coaching ICF PCC, Leadership Academy, Coach Academy, Trainings.\",\"publisher\":{\"@id\":\"https:\\\/\\\/tigersandflamingos.com\\\/#organization\"},\"potentialAction\":[{\"@type\":\"SearchAction\",\"target\":{\"@type\":\"EntryPoint\",\"urlTemplate\":\"https:\\\/\\\/tigersandflamingos.com\\\/?s={search_term_string}\"},\"query-input\":{\"@type\":\"PropertyValueSpecification\",\"valueRequired\":true,\"valueName\":\"search_term_string\"}}],\"inLanguage\":\"en-GB\"},{\"@type\":\"Organization\",\"@id\":\"https:\\\/\\\/tigersandflamingos.com\\\/#organization\",\"name\":\"Tigers & Flamingos GmbH\",\"url\":\"https:\\\/\\\/tigersandflamingos.com\\\/\",\"logo\":{\"@type\":\"ImageObject\",\"inLanguage\":\"en-GB\",\"@id\":\"https:\\\/\\\/tigersandflamingos.com\\\/#\\\/schema\\\/logo\\\/image\\\/\",\"url\":\"\\\/wp-content\\\/uploads\\\/cropped-cropped-Tigers-Flamingos-png.avif\",\"contentUrl\":\"\\\/wp-content\\\/uploads\\\/cropped-cropped-Tigers-Flamingos-png.avif\",\"width\":190,\"height\":190,\"caption\":\"Tigers & Flamingos GmbH\"},\"image\":{\"@id\":\"https:\\\/\\\/tigersandflamingos.com\\\/#\\\/schema\\\/logo\\\/image\\\/\"},\"email\":\"hello@tigersandflamingos.com\",\"legalName\":\"Tigers & Flamingos GmbH\",\"vatID\":\"DE344444395\",\"ownershipFundingInfo\":\"https:\\\/\\\/tigersandflamingos.com\\\/impressum\\\/\",\"ethicsPolicy\":\"https:\\\/\\\/tigersandflamingos.com\\\/business-ethics\\\/\",\"diversityPolicy\":\"https:\\\/\\\/tigersandflamingos.com\\\/business-ethics\\\/\"}]}<\/script>\n<!-- \/ Yoast SEO Premium plugin. -->","yoast_head_json":{"title":"Coach Academy: Weiterbildung f\u00fcr Coaches","description":"Entdecke die Coach Academy & erfahre, wie sie du deine F\u00e4higkeiten & Coaching Skills ausbauen kannst. Praxisnah & relevant.","robots":{"index":"index","follow":"follow","max-snippet":"max-snippet:-1","max-image-preview":"max-image-preview:large","max-video-preview":"max-video-preview:-1"},"canonical":"https:\/\/tigersandflamingos.com\/en\/managing-first-impressions\/","og_locale":"en_GB","og_type":"article","og_title":"Managing First Impressions: (Re-)framing the Mental Picture \ud83e\ude9e","og_description":"Entdecke die Coach Academy & erfahre, wie sie du deine F\u00e4higkeiten & Coaching Skills ausbauen kannst. Praxisnah & relevant.","og_url":"https:\/\/tigersandflamingos.com\/en\/managing-first-impressions\/","og_site_name":"Tigers &amp; Flamingos GmbH Executive &amp; Leadership Coaching","article_modified_time":"2025-11-03T15:30:55+00:00","twitter_card":"summary_large_image","twitter_misc":{"Estimated reading time":"2 minutes"},"schema":{"@context":"https:\/\/schema.org","@graph":[{"@type":"WebPage","@id":"https:\/\/tigersandflamingos.com\/managing-first-impressions\/","url":"https:\/\/tigersandflamingos.com\/managing-first-impressions\/","name":"Coach Academy: Weiterbildung f\u00fcr Coaches","isPartOf":{"@id":"https:\/\/tigersandflamingos.com\/#website"},"datePublished":"2025-06-11T16:06:23+00:00","dateModified":"2025-11-03T15:30:55+00:00","description":"Entdecke die Coach Academy & erfahre, wie sie du deine F\u00e4higkeiten & Coaching Skills ausbauen kannst. Praxisnah & relevant.","breadcrumb":{"@id":"https:\/\/tigersandflamingos.com\/managing-first-impressions\/#breadcrumb"},"inLanguage":"en-GB","potentialAction":[{"@type":"ReadAction","target":["https:\/\/tigersandflamingos.com\/managing-first-impressions\/"]}]},{"@type":"BreadcrumbList","@id":"https:\/\/tigersandflamingos.com\/managing-first-impressions\/#breadcrumb","itemListElement":[{"@type":"ListItem","position":1,"name":"Home","item":"https:\/\/tigersandflamingos.com\/"},{"@type":"ListItem","position":2,"name":"Managing first impressions: (Re-)framing the Mental Picture"}]},{"@type":"WebSite","@id":"https:\/\/tigersandflamingos.com\/#website","url":"https:\/\/tigersandflamingos.com\/","name":"Tigers & Flamingos GmbH Coaching & Consulting D\u00fcsseldorf","description":"Executive Coaching ICF PCC, Leadership Academy, Coach Academy, Trainings.","publisher":{"@id":"https:\/\/tigersandflamingos.com\/#organization"},"potentialAction":[{"@type":"SearchAction","target":{"@type":"EntryPoint","urlTemplate":"https:\/\/tigersandflamingos.com\/?s={search_term_string}"},"query-input":{"@type":"PropertyValueSpecification","valueRequired":true,"valueName":"search_term_string"}}],"inLanguage":"en-GB"},{"@type":"Organization","@id":"https:\/\/tigersandflamingos.com\/#organization","name":"Tigers & Flamingos GmbH","url":"https:\/\/tigersandflamingos.com\/","logo":{"@type":"ImageObject","inLanguage":"en-GB","@id":"https:\/\/tigersandflamingos.com\/#\/schema\/logo\/image\/","url":"\/wp-content\/uploads\/cropped-cropped-Tigers-Flamingos-png.avif","contentUrl":"\/wp-content\/uploads\/cropped-cropped-Tigers-Flamingos-png.avif","width":190,"height":190,"caption":"Tigers & Flamingos GmbH"},"image":{"@id":"https:\/\/tigersandflamingos.com\/#\/schema\/logo\/image\/"},"email":"hello@tigersandflamingos.com","legalName":"Tigers & Flamingos GmbH","vatID":"DE344444395","ownershipFundingInfo":"https:\/\/tigersandflamingos.com\/impressum\/","ethicsPolicy":"https:\/\/tigersandflamingos.com\/business-ethics\/","diversityPolicy":"https:\/\/tigersandflamingos.com\/business-ethics\/"}]}},"_links":{"self":[{"href":"https:\/\/tigersandflamingos.com\/en\/wp-json\/wp\/v2\/pages\/3254","targetHints":{"allow":["GET"]}}],"collection":[{"href":"https:\/\/tigersandflamingos.com\/en\/wp-json\/wp\/v2\/pages"}],"about":[{"href":"https:\/\/tigersandflamingos.com\/en\/wp-json\/wp\/v2\/types\/page"}],"author":[{"embeddable":true,"href":"https:\/\/tigersandflamingos.com\/en\/wp-json\/wp\/v2\/users\/3"}],"replies":[{"embeddable":true,"href":"https:\/\/tigersandflamingos.com\/en\/wp-json\/wp\/v2\/comments?post=3254"}],"version-history":[{"count":16,"href":"https:\/\/tigersandflamingos.com\/en\/wp-json\/wp\/v2\/pages\/3254\/revisions"}],"predecessor-version":[{"id":3553,"href":"https:\/\/tigersandflamingos.com\/en\/wp-json\/wp\/v2\/pages\/3254\/revisions\/3553"}],"wp:attachment":[{"href":"https:\/\/tigersandflamingos.com\/en\/wp-json\/wp\/v2\/media?parent=3254"}],"curies":[{"name":"wp","href":"https:\/\/api.w.org\/{rel}","templated":true}]}}