{"id":3248,"date":"2025-06-11T18:06:01","date_gmt":"2025-06-11T16:06:01","guid":{"rendered":"https:\/\/tigersandflamingos.com\/?page_id=3248"},"modified":"2025-11-03T16:25:44","modified_gmt":"2025-11-03T15:25:44","slug":"cross-cultural-coaching","status":"publish","type":"page","link":"https:\/\/tigersandflamingos.com\/en\/cross-cultural-coaching\/","title":{"rendered":"Cross-Cultural Coaching in Remote &#038; Hybrid Settings"},"content":{"rendered":"<p>Remote und hybride Arbeitsumgebungen \u00fcber verschiedene Zeitzonen und Kulturen hinweg sind heute ein g\u00e4ngiger Modus Operandi f\u00fcr Coaches und Coachees. Cross-cultural coaching remote ist zu einer wesentlichen Praxis geworden. Die Entwicklung hin zur Remote-Coaching bringt jedoch eine neue Ebene der Komplexit\u00e4t mit sich &#8211; physische Treffen haben deutlich abgenommen, und echte zwischenmenschliche Interaktion ist immer seltener.<br \/>\nThis is essential, especially in a cross-cultural environment, to removing potential barriers, maximising communication, and fostering the coachee's success.<br \/>\nAs coaches who are also working in this environment, we face the same challenges as our coachees.<\/p>\n<p>As we now lack the psychologically fundamentally important experience of in-person meetings, we need to find ways to succeed in this new routine.<br \/>\nGenau hierf\u00fcr ist der Kurs &#8222;Cross-Cultural Coaching in Remote &amp; Hybrid Settings&#8220; konzipiert: um deine Coaching-Kompetenz im komplexen Umfeld von interkulturellem und remote coaching zu vertiefen.<\/p>\n<p>&nbsp;<\/p>\n<h3 id=\"crosscultural\">Why join this course?<\/h3>\n<p><strong>In this practice-oriented and highly interactive program, you will...<\/strong><\/p>\n<ul>\n<li>&#8230; die Herausforderungen des interkulturellen Remote-Coachings kennenlernen und wie du sie l\u00f6sen kannst. Im Kontext von Cross-cultural Coaching Remote ist dies entscheidend.<\/li>\n<li>... reflect on your own cultural imprint to become aware of unconscious limitations in the coaching process, especially in the area of communication.<\/li>\n<li>... deep dive into cross-cultural communication and thus sensitise yourself to anticipate the potential cross-cultural challenges of your clients to evoke awareness.<\/li>\n<li>... enhance your coaching toolbox: You will work on practical methods to further develop your coaching skills.<\/li>\n<\/ul>\n<p>&nbsp;<\/p>\n<p>&nbsp;<\/p>\n<h3><strong>Agenda<\/strong><\/h3>\n<p>After registering, you will receive an email with tasks to prepare for the course. Based on your answers, we will personalise the course to ensure that the content is perfectly tailored to your requirements.<\/p>\n<ul>\n<li><strong>Appointment 1:<\/strong>\n<ul>\n<li>State-of-the-art research and learnings of cross-cultural collaboration as well as the relevance of hybrid work for communication.<\/li>\n<li>Reflexion, group work<\/li>\n<\/ul>\n<\/li>\n<li><strong>Between appointment 1 &amp; 2:<\/strong> Self-study, reflexion, documentation of learnings.<\/li>\n<li><strong>Appointment 2:<\/strong>\n<ul>\n<li>Transfer of learnings into the coaching setting.<\/li>\n<li>Detecting and solving cross-cultural situations and challenges.<\/li>\n<li>Development of immediately applicable solutions.<\/li>\n<\/ul>\n<\/li>\n<\/ul>\n<p>&nbsp;<\/p>\n<p>&nbsp;<\/p>\n<h3><strong data-wp-editing=\"1\">You will of course... <img loading=\"lazy\" decoding=\"async\" class=\"wp-image-2483 alignright\" src=\"\/wp-content\/uploads\/ICF-CCE-Color-png.avif\" alt=\"\" width=\"185\" height=\"165\" \/><br \/>\n<\/strong><\/h3>\n<ul>\n<li>... receive a certificate of participation.<\/li>\n<li>&#8230; <strong>10 CCEUs<\/strong> ... receive: 5 Core Competencies &amp; 5 Resource Development.<\/li>\n<li>... collaborate with other coaches.<\/li>\n<li>... expand your professional network.<\/li>\n<\/ul>\n<p>&nbsp;<\/p>","protected":false},"excerpt":{"rendered":"<p>Remote und hybride Arbeitsumgebungen \u00fcber verschiedene Zeitzonen und Kulturen hinweg sind heute ein g\u00e4ngiger Modus Operandi f\u00fcr Coaches und Coachees. Cross-cultural coaching remote ist zu einer wesentlichen Praxis geworden. Die Entwicklung hin zur Remote-Coaching bringt jedoch eine neue Ebene der Komplexit\u00e4t mit sich &#8211; physische Treffen haben deutlich abgenommen, und echte zwischenmenschliche Interaktion ist immer [&hellip;]<\/p>\n","protected":false},"author":3,"featured_media":0,"parent":0,"menu_order":2,"comment_status":"closed","ping_status":"closed","template":"","meta":{"footnotes":""},"class_list":["post-3248","page","type-page","status-publish","hentry","entry"],"yoast_head":"<!-- This site is optimized with the Yoast SEO Premium plugin v27.2 (Yoast SEO v27.3) - https:\/\/yoast.com\/product\/yoast-seo-premium-wordpress\/ -->\n<title>Cross-Cultural Coaching in Remote &amp; Hybrid Settings<\/title>\n<meta name=\"description\" content=\"Entdecke Cross-Cultural Coaching f\u00fcr Coaches. Lerne, interkulturelle Barrieren in remoten &amp; hybriden Settings erfolgreich zu \u00fcberwinden.\" \/>\n<meta name=\"robots\" content=\"index, follow, max-snippet:-1, max-image-preview:large, max-video-preview:-1\" \/>\n<link rel=\"canonical\" href=\"https:\/\/tigersandflamingos.com\/en\/cross-cultural-coaching\/\" \/>\n<meta property=\"og:locale\" content=\"en_GB\" \/>\n<meta property=\"og:type\" content=\"article\" \/>\n<meta property=\"og:title\" content=\"Cross-Cultural Coaching in Remote &amp; Hybrid Settings\" \/>\n<meta property=\"og:description\" content=\"Entdecke Cross-Cultural Coaching f\u00fcr Coaches. Lerne, interkulturelle Barrieren in remoten &amp; hybriden Settings erfolgreich zu \u00fcberwinden.\" \/>\n<meta property=\"og:url\" content=\"https:\/\/tigersandflamingos.com\/en\/cross-cultural-coaching\/\" \/>\n<meta property=\"og:site_name\" content=\"Tigers &amp; Flamingos GmbH Executive &amp; Leadership Coaching\" \/>\n<meta property=\"article:modified_time\" content=\"2025-11-03T15:25:44+00:00\" \/>\n<meta name=\"twitter:card\" content=\"summary_large_image\" \/>\n<meta name=\"twitter:label1\" content=\"Estimated reading time\" \/>\n\t<meta name=\"twitter:data1\" content=\"3 minutes\" \/>\n<script type=\"application\/ld+json\" class=\"yoast-schema-graph\">{\"@context\":\"https:\\\/\\\/schema.org\",\"@graph\":[{\"@type\":\"WebPage\",\"@id\":\"https:\\\/\\\/tigersandflamingos.com\\\/cross-cultural-coaching\\\/\",\"url\":\"https:\\\/\\\/tigersandflamingos.com\\\/cross-cultural-coaching\\\/\",\"name\":\"Cross-Cultural Coaching in Remote & Hybrid Settings\",\"isPartOf\":{\"@id\":\"https:\\\/\\\/tigersandflamingos.com\\\/#website\"},\"datePublished\":\"2025-06-11T16:06:01+00:00\",\"dateModified\":\"2025-11-03T15:25:44+00:00\",\"description\":\"Entdecke Cross-Cultural Coaching f\u00fcr Coaches. Lerne, interkulturelle Barrieren in remoten & hybriden Settings erfolgreich zu \u00fcberwinden.\",\"breadcrumb\":{\"@id\":\"https:\\\/\\\/tigersandflamingos.com\\\/cross-cultural-coaching\\\/#breadcrumb\"},\"inLanguage\":\"en-GB\",\"potentialAction\":[{\"@type\":\"ReadAction\",\"target\":[\"https:\\\/\\\/tigersandflamingos.com\\\/cross-cultural-coaching\\\/\"]}]},{\"@type\":\"BreadcrumbList\",\"@id\":\"https:\\\/\\\/tigersandflamingos.com\\\/cross-cultural-coaching\\\/#breadcrumb\",\"itemListElement\":[{\"@type\":\"ListItem\",\"position\":1,\"name\":\"Home\",\"item\":\"https:\\\/\\\/tigersandflamingos.com\\\/\"},{\"@type\":\"ListItem\",\"position\":2,\"name\":\"Cross-Cultural Coaching in Remote &#038; Hybrid Settings\"}]},{\"@type\":\"WebSite\",\"@id\":\"https:\\\/\\\/tigersandflamingos.com\\\/#website\",\"url\":\"https:\\\/\\\/tigersandflamingos.com\\\/\",\"name\":\"Tigers & Flamingos GmbH Coaching & Consulting D\u00fcsseldorf\",\"description\":\"Executive Coaching ICF PCC, Leadership Academy, Coach Academy, Trainings.\",\"publisher\":{\"@id\":\"https:\\\/\\\/tigersandflamingos.com\\\/#organization\"},\"potentialAction\":[{\"@type\":\"SearchAction\",\"target\":{\"@type\":\"EntryPoint\",\"urlTemplate\":\"https:\\\/\\\/tigersandflamingos.com\\\/?s={search_term_string}\"},\"query-input\":{\"@type\":\"PropertyValueSpecification\",\"valueRequired\":true,\"valueName\":\"search_term_string\"}}],\"inLanguage\":\"en-GB\"},{\"@type\":\"Organization\",\"@id\":\"https:\\\/\\\/tigersandflamingos.com\\\/#organization\",\"name\":\"Tigers & Flamingos GmbH\",\"url\":\"https:\\\/\\\/tigersandflamingos.com\\\/\",\"logo\":{\"@type\":\"ImageObject\",\"inLanguage\":\"en-GB\",\"@id\":\"https:\\\/\\\/tigersandflamingos.com\\\/#\\\/schema\\\/logo\\\/image\\\/\",\"url\":\"\\\/wp-content\\\/uploads\\\/cropped-cropped-Tigers-Flamingos-png.avif\",\"contentUrl\":\"\\\/wp-content\\\/uploads\\\/cropped-cropped-Tigers-Flamingos-png.avif\",\"width\":190,\"height\":190,\"caption\":\"Tigers & Flamingos GmbH\"},\"image\":{\"@id\":\"https:\\\/\\\/tigersandflamingos.com\\\/#\\\/schema\\\/logo\\\/image\\\/\"},\"email\":\"hello@tigersandflamingos.com\",\"legalName\":\"Tigers & Flamingos GmbH\",\"vatID\":\"DE344444395\",\"ownershipFundingInfo\":\"https:\\\/\\\/tigersandflamingos.com\\\/impressum\\\/\",\"ethicsPolicy\":\"https:\\\/\\\/tigersandflamingos.com\\\/business-ethics\\\/\",\"diversityPolicy\":\"https:\\\/\\\/tigersandflamingos.com\\\/business-ethics\\\/\"}]}<\/script>\n<!-- \/ Yoast SEO Premium plugin. -->","yoast_head_json":{"title":"Cross-Cultural Coaching in Remote &amp; Hybrid Settings","description":"Entdecke Cross-Cultural Coaching f\u00fcr Coaches. Lerne, interkulturelle Barrieren in remoten & hybriden Settings erfolgreich zu \u00fcberwinden.","robots":{"index":"index","follow":"follow","max-snippet":"max-snippet:-1","max-image-preview":"max-image-preview:large","max-video-preview":"max-video-preview:-1"},"canonical":"https:\/\/tigersandflamingos.com\/en\/cross-cultural-coaching\/","og_locale":"en_GB","og_type":"article","og_title":"Cross-Cultural Coaching in Remote & Hybrid Settings","og_description":"Entdecke Cross-Cultural Coaching f\u00fcr Coaches. Lerne, interkulturelle Barrieren in remoten & hybriden Settings erfolgreich zu \u00fcberwinden.","og_url":"https:\/\/tigersandflamingos.com\/en\/cross-cultural-coaching\/","og_site_name":"Tigers &amp; Flamingos GmbH Executive &amp; Leadership Coaching","article_modified_time":"2025-11-03T15:25:44+00:00","twitter_card":"summary_large_image","twitter_misc":{"Estimated reading time":"3 minutes"},"schema":{"@context":"https:\/\/schema.org","@graph":[{"@type":"WebPage","@id":"https:\/\/tigersandflamingos.com\/cross-cultural-coaching\/","url":"https:\/\/tigersandflamingos.com\/cross-cultural-coaching\/","name":"Cross-Cultural Coaching in Remote &amp; Hybrid Settings","isPartOf":{"@id":"https:\/\/tigersandflamingos.com\/#website"},"datePublished":"2025-06-11T16:06:01+00:00","dateModified":"2025-11-03T15:25:44+00:00","description":"Entdecke Cross-Cultural Coaching f\u00fcr Coaches. Lerne, interkulturelle Barrieren in remoten & hybriden Settings erfolgreich zu \u00fcberwinden.","breadcrumb":{"@id":"https:\/\/tigersandflamingos.com\/cross-cultural-coaching\/#breadcrumb"},"inLanguage":"en-GB","potentialAction":[{"@type":"ReadAction","target":["https:\/\/tigersandflamingos.com\/cross-cultural-coaching\/"]}]},{"@type":"BreadcrumbList","@id":"https:\/\/tigersandflamingos.com\/cross-cultural-coaching\/#breadcrumb","itemListElement":[{"@type":"ListItem","position":1,"name":"Home","item":"https:\/\/tigersandflamingos.com\/"},{"@type":"ListItem","position":2,"name":"Cross-Cultural Coaching in Remote &#038; Hybrid Settings"}]},{"@type":"WebSite","@id":"https:\/\/tigersandflamingos.com\/#website","url":"https:\/\/tigersandflamingos.com\/","name":"Tigers & Flamingos GmbH Coaching & Consulting D\u00fcsseldorf","description":"Executive Coaching ICF PCC, Leadership Academy, Coach Academy, Trainings.","publisher":{"@id":"https:\/\/tigersandflamingos.com\/#organization"},"potentialAction":[{"@type":"SearchAction","target":{"@type":"EntryPoint","urlTemplate":"https:\/\/tigersandflamingos.com\/?s={search_term_string}"},"query-input":{"@type":"PropertyValueSpecification","valueRequired":true,"valueName":"search_term_string"}}],"inLanguage":"en-GB"},{"@type":"Organization","@id":"https:\/\/tigersandflamingos.com\/#organization","name":"Tigers & Flamingos GmbH","url":"https:\/\/tigersandflamingos.com\/","logo":{"@type":"ImageObject","inLanguage":"en-GB","@id":"https:\/\/tigersandflamingos.com\/#\/schema\/logo\/image\/","url":"\/wp-content\/uploads\/cropped-cropped-Tigers-Flamingos-png.avif","contentUrl":"\/wp-content\/uploads\/cropped-cropped-Tigers-Flamingos-png.avif","width":190,"height":190,"caption":"Tigers & Flamingos GmbH"},"image":{"@id":"https:\/\/tigersandflamingos.com\/#\/schema\/logo\/image\/"},"email":"hello@tigersandflamingos.com","legalName":"Tigers & Flamingos GmbH","vatID":"DE344444395","ownershipFundingInfo":"https:\/\/tigersandflamingos.com\/impressum\/","ethicsPolicy":"https:\/\/tigersandflamingos.com\/business-ethics\/","diversityPolicy":"https:\/\/tigersandflamingos.com\/business-ethics\/"}]}},"_links":{"self":[{"href":"https:\/\/tigersandflamingos.com\/en\/wp-json\/wp\/v2\/pages\/3248","targetHints":{"allow":["GET"]}}],"collection":[{"href":"https:\/\/tigersandflamingos.com\/en\/wp-json\/wp\/v2\/pages"}],"about":[{"href":"https:\/\/tigersandflamingos.com\/en\/wp-json\/wp\/v2\/types\/page"}],"author":[{"embeddable":true,"href":"https:\/\/tigersandflamingos.com\/en\/wp-json\/wp\/v2\/users\/3"}],"replies":[{"embeddable":true,"href":"https:\/\/tigersandflamingos.com\/en\/wp-json\/wp\/v2\/comments?post=3248"}],"version-history":[{"count":10,"href":"https:\/\/tigersandflamingos.com\/en\/wp-json\/wp\/v2\/pages\/3248\/revisions"}],"predecessor-version":[{"id":3551,"href":"https:\/\/tigersandflamingos.com\/en\/wp-json\/wp\/v2\/pages\/3248\/revisions\/3551"}],"wp:attachment":[{"href":"https:\/\/tigersandflamingos.com\/en\/wp-json\/wp\/v2\/media?parent=3248"}],"curies":[{"name":"wp","href":"https:\/\/api.w.org\/{rel}","templated":true}]}}