{"id":3,"date":"2019-11-12T12:07:03","date_gmt":"2019-11-12T11:07:56","guid":{"rendered":"http:\/\/tigers-and-flamingos.ddev.site\/?page_id=3"},"modified":"2021-06-30T11:56:36","modified_gmt":"2021-06-30T09:56:36","slug":"datenschutzerklaerung","status":"publish","type":"page","link":"https:\/\/tigersandflamingos.com\/en\/datenschutzerklaerung\/","title":{"rendered":"Datenschutzerkl\u00e4rung"},"content":{"rendered":"","protected":false},"excerpt":{"rendered":"","protected":false},"author":3,"featured_media":0,"parent":0,"menu_order":14,"comment_status":"closed","ping_status":"open","template":"","meta":{"footnotes":""},"class_list":["post-3","page","type-page","status-publish","hentry","entry"],"yoast_head":"<!-- This site is optimized with the Yoast SEO Premium plugin v27.2 (Yoast SEO v27.3) - https:\/\/yoast.com\/product\/yoast-seo-premium-wordpress\/ -->\n<title>Datenschutzerkl\u00e4rung - Tigers &amp; Flamingos GmbH Executive &amp; Leadership Coaching : Unsere Datenschutzerkl\u00e4rung.<\/title>\n<meta name=\"description\" content=\"Unsere Datenschutzerkl\u00e4rung sowie weitere Informatione findest Du hier.\" \/>\n<meta name=\"robots\" content=\"index, follow, max-snippet:-1, max-image-preview:large, max-video-preview:-1\" \/>\n<link rel=\"canonical\" href=\"https:\/\/tigersandflamingos.com\/en\/datenschutzerklaerung\/\" \/>\n<meta property=\"og:locale\" content=\"en_GB\" \/>\n<meta property=\"og:type\" content=\"article\" \/>\n<meta property=\"og:title\" content=\"Datenschutzerkl\u00e4rung\" \/>\n<meta property=\"og:description\" content=\"Unsere Datenschutzerkl\u00e4rung sowie weitere Informatione findest Du hier.\" \/>\n<meta property=\"og:url\" content=\"https:\/\/tigersandflamingos.com\/en\/datenschutzerklaerung\/\" \/>\n<meta property=\"og:site_name\" content=\"Tigers &amp; Flamingos GmbH Executive &amp; Leadership Coaching\" \/>\n<meta property=\"article:modified_time\" content=\"2021-06-30T09:56:36+00:00\" \/>\n<meta name=\"twitter:card\" content=\"summary_large_image\" \/>\n<script type=\"application\/ld+json\" class=\"yoast-schema-graph\">{\"@context\":\"https:\\\/\\\/schema.org\",\"@graph\":[{\"@type\":\"WebPage\",\"@id\":\"https:\\\/\\\/tigersandflamingos.com\\\/datenschutzerklaerung\\\/\",\"url\":\"https:\\\/\\\/tigersandflamingos.com\\\/datenschutzerklaerung\\\/\",\"name\":\"Datenschutzerkl\u00e4rung - Tigers &amp; Flamingos GmbH Executive &amp; Leadership Coaching : Unsere Datenschutzerkl\u00e4rung.\",\"isPartOf\":{\"@id\":\"https:\\\/\\\/tigersandflamingos.com\\\/#website\"},\"datePublished\":\"2019-11-12T11:07:56+00:00\",\"dateModified\":\"2021-06-30T09:56:36+00:00\",\"description\":\"Unsere Datenschutzerkl\u00e4rung sowie weitere Informatione findest Du hier.\",\"breadcrumb\":{\"@id\":\"https:\\\/\\\/tigersandflamingos.com\\\/datenschutzerklaerung\\\/#breadcrumb\"},\"inLanguage\":\"en-GB\",\"potentialAction\":[{\"@type\":\"ReadAction\",\"target\":[\"https:\\\/\\\/tigersandflamingos.com\\\/datenschutzerklaerung\\\/\"]}]},{\"@type\":\"BreadcrumbList\",\"@id\":\"https:\\\/\\\/tigersandflamingos.com\\\/datenschutzerklaerung\\\/#breadcrumb\",\"itemListElement\":[{\"@type\":\"ListItem\",\"position\":1,\"name\":\"Home\",\"item\":\"https:\\\/\\\/tigersandflamingos.com\\\/\"},{\"@type\":\"ListItem\",\"position\":2,\"name\":\"Datenschutzerkl\u00e4rung\"}]},{\"@type\":\"WebSite\",\"@id\":\"https:\\\/\\\/tigersandflamingos.com\\\/#website\",\"url\":\"https:\\\/\\\/tigersandflamingos.com\\\/\",\"name\":\"Tigers & Flamingos GmbH Coaching & Consulting D\u00fcsseldorf\",\"description\":\"Executive Coaching ICF PCC, Leadership Academy, Coach Academy, Trainings.\",\"publisher\":{\"@id\":\"https:\\\/\\\/tigersandflamingos.com\\\/#organization\"},\"potentialAction\":[{\"@type\":\"SearchAction\",\"target\":{\"@type\":\"EntryPoint\",\"urlTemplate\":\"https:\\\/\\\/tigersandflamingos.com\\\/?s={search_term_string}\"},\"query-input\":{\"@type\":\"PropertyValueSpecification\",\"valueRequired\":true,\"valueName\":\"search_term_string\"}}],\"inLanguage\":\"en-GB\"},{\"@type\":\"Organization\",\"@id\":\"https:\\\/\\\/tigersandflamingos.com\\\/#organization\",\"name\":\"Tigers & Flamingos GmbH\",\"url\":\"https:\\\/\\\/tigersandflamingos.com\\\/\",\"logo\":{\"@type\":\"ImageObject\",\"inLanguage\":\"en-GB\",\"@id\":\"https:\\\/\\\/tigersandflamingos.com\\\/#\\\/schema\\\/logo\\\/image\\\/\",\"url\":\"\\\/wp-content\\\/uploads\\\/cropped-cropped-Tigers-Flamingos-png.avif\",\"contentUrl\":\"\\\/wp-content\\\/uploads\\\/cropped-cropped-Tigers-Flamingos-png.avif\",\"width\":190,\"height\":190,\"caption\":\"Tigers & Flamingos GmbH\"},\"image\":{\"@id\":\"https:\\\/\\\/tigersandflamingos.com\\\/#\\\/schema\\\/logo\\\/image\\\/\"},\"email\":\"hello@tigersandflamingos.com\",\"legalName\":\"Tigers & Flamingos GmbH\",\"vatID\":\"DE344444395\",\"ownershipFundingInfo\":\"https:\\\/\\\/tigersandflamingos.com\\\/impressum\\\/\",\"ethicsPolicy\":\"https:\\\/\\\/tigersandflamingos.com\\\/business-ethics\\\/\",\"diversityPolicy\":\"https:\\\/\\\/tigersandflamingos.com\\\/business-ethics\\\/\"}]}<\/script>\n<!-- \/ Yoast SEO Premium plugin. -->","yoast_head_json":{"title":"Datenschutzerkl\u00e4rung - Tigers &amp; Flamingos GmbH Executive &amp; Leadership Coaching : Unsere Datenschutzerkl\u00e4rung.","description":"Unsere Datenschutzerkl\u00e4rung sowie weitere Informatione findest Du hier.","robots":{"index":"index","follow":"follow","max-snippet":"max-snippet:-1","max-image-preview":"max-image-preview:large","max-video-preview":"max-video-preview:-1"},"canonical":"https:\/\/tigersandflamingos.com\/en\/datenschutzerklaerung\/","og_locale":"en_GB","og_type":"article","og_title":"Datenschutzerkl\u00e4rung","og_description":"Unsere Datenschutzerkl\u00e4rung sowie weitere Informatione findest Du hier.","og_url":"https:\/\/tigersandflamingos.com\/en\/datenschutzerklaerung\/","og_site_name":"Tigers &amp; Flamingos GmbH Executive &amp; Leadership Coaching","article_modified_time":"2021-06-30T09:56:36+00:00","twitter_card":"summary_large_image","schema":{"@context":"https:\/\/schema.org","@graph":[{"@type":"WebPage","@id":"https:\/\/tigersandflamingos.com\/datenschutzerklaerung\/","url":"https:\/\/tigersandflamingos.com\/datenschutzerklaerung\/","name":"Datenschutzerkl\u00e4rung - Tigers &amp; Flamingos GmbH Executive &amp; Leadership Coaching : Unsere Datenschutzerkl\u00e4rung.","isPartOf":{"@id":"https:\/\/tigersandflamingos.com\/#website"},"datePublished":"2019-11-12T11:07:56+00:00","dateModified":"2021-06-30T09:56:36+00:00","description":"Unsere Datenschutzerkl\u00e4rung sowie weitere Informatione findest Du hier.","breadcrumb":{"@id":"https:\/\/tigersandflamingos.com\/datenschutzerklaerung\/#breadcrumb"},"inLanguage":"en-GB","potentialAction":[{"@type":"ReadAction","target":["https:\/\/tigersandflamingos.com\/datenschutzerklaerung\/"]}]},{"@type":"BreadcrumbList","@id":"https:\/\/tigersandflamingos.com\/datenschutzerklaerung\/#breadcrumb","itemListElement":[{"@type":"ListItem","position":1,"name":"Home","item":"https:\/\/tigersandflamingos.com\/"},{"@type":"ListItem","position":2,"name":"Datenschutzerkl\u00e4rung"}]},{"@type":"WebSite","@id":"https:\/\/tigersandflamingos.com\/#website","url":"https:\/\/tigersandflamingos.com\/","name":"Tigers & Flamingos GmbH Coaching & Consulting D\u00fcsseldorf","description":"Executive Coaching ICF PCC, Leadership Academy, Coach Academy, Trainings.","publisher":{"@id":"https:\/\/tigersandflamingos.com\/#organization"},"potentialAction":[{"@type":"SearchAction","target":{"@type":"EntryPoint","urlTemplate":"https:\/\/tigersandflamingos.com\/?s={search_term_string}"},"query-input":{"@type":"PropertyValueSpecification","valueRequired":true,"valueName":"search_term_string"}}],"inLanguage":"en-GB"},{"@type":"Organization","@id":"https:\/\/tigersandflamingos.com\/#organization","name":"Tigers & Flamingos GmbH","url":"https:\/\/tigersandflamingos.com\/","logo":{"@type":"ImageObject","inLanguage":"en-GB","@id":"https:\/\/tigersandflamingos.com\/#\/schema\/logo\/image\/","url":"\/wp-content\/uploads\/cropped-cropped-Tigers-Flamingos-png.avif","contentUrl":"\/wp-content\/uploads\/cropped-cropped-Tigers-Flamingos-png.avif","width":190,"height":190,"caption":"Tigers & Flamingos GmbH"},"image":{"@id":"https:\/\/tigersandflamingos.com\/#\/schema\/logo\/image\/"},"email":"hello@tigersandflamingos.com","legalName":"Tigers & Flamingos GmbH","vatID":"DE344444395","ownershipFundingInfo":"https:\/\/tigersandflamingos.com\/impressum\/","ethicsPolicy":"https:\/\/tigersandflamingos.com\/business-ethics\/","diversityPolicy":"https:\/\/tigersandflamingos.com\/business-ethics\/"}]}},"_links":{"self":[{"href":"https:\/\/tigersandflamingos.com\/en\/wp-json\/wp\/v2\/pages\/3","targetHints":{"allow":["GET"]}}],"collection":[{"href":"https:\/\/tigersandflamingos.com\/en\/wp-json\/wp\/v2\/pages"}],"about":[{"href":"https:\/\/tigersandflamingos.com\/en\/wp-json\/wp\/v2\/types\/page"}],"author":[{"embeddable":true,"href":"https:\/\/tigersandflamingos.com\/en\/wp-json\/wp\/v2\/users\/3"}],"replies":[{"embeddable":true,"href":"https:\/\/tigersandflamingos.com\/en\/wp-json\/wp\/v2\/comments?post=3"}],"version-history":[{"count":25,"href":"https:\/\/tigersandflamingos.com\/en\/wp-json\/wp\/v2\/pages\/3\/revisions"}],"predecessor-version":[{"id":1407,"href":"https:\/\/tigersandflamingos.com\/en\/wp-json\/wp\/v2\/pages\/3\/revisions\/1407"}],"wp:attachment":[{"href":"https:\/\/tigersandflamingos.com\/en\/wp-json\/wp\/v2\/media?parent=3"}],"curies":[{"name":"wp","href":"https:\/\/api.w.org\/{rel}","templated":true}]}}