{"id":2509,"date":"2025-03-29T19:12:25","date_gmt":"2025-03-29T18:12:25","guid":{"rendered":"https:\/\/tigersandflamingos.com\/?page_id=2509"},"modified":"2026-02-11T16:23:26","modified_gmt":"2026-02-11T15:23:26","slug":"leadership-academy","status":"publish","type":"page","link":"https:\/\/tigersandflamingos.com\/en\/leadership-academy\/","title":{"rendered":"Leadership Academy"},"content":{"rendered":"<div class=\"flex max-w-full flex-col grow\">\n<div class=\"min-h-8 text-message relative flex w-full flex-col items-end gap-2 text-start break-words whitespace-normal [.text-message+&amp;]:mt-5\" dir=\"auto\" data-message-author-role=\"assistant\" data-message-id=\"4e73e7b6-46c9-4706-ac26-e1c3e252130d\" data-message-model-slug=\"o3-mini\">\n<div class=\"flex w-full flex-col gap-1 empty:hidden first:pt-[3px]\">\n<div class=\"markdown prose dark:prose-invert w-full break-words light\">\n<h3 data-start=\"0\" data-end=\"429\">Leadership Academy Trainings Workshops<\/h3>\n<h3 data-start=\"0\" data-end=\"429\"><strong>Der Fakt<\/strong><\/h3>\n<p data-start=\"0\" data-end=\"429\">Erfolgreiche F\u00fchrungskr\u00e4fte stehen heute vor st\u00e4ndig neuen Herausforderungen in einer sich rasant ver\u00e4ndernden Businesswelt. Die Tigers &amp; Flamingos\u00ae Leadership Academy unterst\u00fctzt dich und dein Team mit Leadership Academy Trainings Workshops dabei diese erfolgreich zu meistern. Besonders im Fokus stehen dabei Leadership Academy Leadership Skills, die f\u00fcr nachhaltigen Erfolg und pers\u00f6nliches Wachstum entscheidend sind.<\/p>\n<h3 data-start=\"431\" data-end=\"731\"><strong>Das Konzept<\/strong><\/h3>\n<p data-start=\"431\" data-end=\"731\">Das Kurskonzept kombiniert aktuelle Herausforderungen mit langj\u00e4hriger Praxiserfahrung und den neuesten wissenschaftlichen Erkenntnissen. Damit lernst du innovative Werkzeuge und sofort umsetzbare Strategien anzuwenden, die dich darin unterst\u00fctzen, deine Leadership Skills weiter zu steigern und zukunftsweisende L\u00f6sungen zu entwickeln. Dar\u00fcber hinaus erm\u00f6glicht dir die Teilnahme an unserer Leadership Academy Leadership Skills, sowohl klassische als auch moderne F\u00fchrungskompetenzen gezielt auszubauen.<\/p>\n<p data-start=\"733\" data-end=\"1044\">Dieser individuelle und effektive Ansatz richtet sich speziell an ambitionierte F\u00fchrungskr\u00e4fte und Teams wie euch. In unseren praxisorientierten und interaktiven Kursen f\u00f6rderst du neben deinen Leadership Kompetenzen auch dein pers\u00f6nliches Wachstum \u2013 f\u00fcr nachhaltigen Erfolg in der dynamischen Businesswelt. \u00dcbrigens: Leadership Academy Leadership Skills bieten dir die Grundlage, um langfristig als F\u00fchrungskraft erfolgreich zu sein.<\/p>\n<ul>\n<li><strong>Alle Sessions der Tigers &amp; Flamingos\u00ae Leadership Academy sind praxisnah, interaktiv und geben dir sofort umsetzbare Tools an die Hand.<\/strong><\/li>\n<li><strong>Die Sessions k\u00f6nnen virtuell oder vor Ort stattfinden.<\/strong><\/li>\n<li><strong>Die Sessions werden in deutscher und englischer Sprache angeboten.<\/strong><\/li>\n<\/ul>\n<p>&nbsp;<\/p>\n<h3><strong>So funktioniert die Tigers &amp; Flamingos\u00ae Leadership Academy<\/strong><\/h3>\n<\/div>\n<\/div>\n<\/div>\n<\/div>\n<ul>\n<li data-start=\"733\" data-end=\"1044\">Du suchst dir einen Kurs aus und kontaktierst mich.<\/li>\n<li data-start=\"733\" data-end=\"1044\">Wir besprechen individuell die Agenda, wie viele Teilnehmende es gibt, das Datum sowie ob der Kurs virtuell oder vor Ort stattfinden soll.<\/li>\n<li>Nach der Freigabe der Agenda und des Angebots geht&#8217;s los.<\/li>\n<\/ul>\n<h3>Ich freue mich darauf, dich zu begr\u00fc\u00dfen!<\/h3>\n<p>&nbsp;<\/p>\n<h3><strong>Die Herausforderung f\u00fcr die F\u00fchrungskraft: Remotes f\u00fchren \u00fcber Kulturen und Zeitzonen hinweg.<\/strong><\/h3>\n<p>Remote und hybride Arbeitsumgebungen \u00fcber verschiedene Zeitzonen und Kulturen hinweg sind heute ein g\u00e4ngiger Modus Operandi f\u00fcr F\u00fchrungskr\u00e4fte und Mitarbeitende.<br \/>\nDie Entwicklung hin zur hybriden Arbeitswelt bringt jedoch eine neue Ebene der Komplexit\u00e4t mit sich &#8211; physische Treffen haben deutlich abgenommen, und echte zwischenmenschliche Interaktion ist immer seltener.<br \/>\nDies ist jedoch besonders in einem interkulturellen Arbeitsumfeld unerl\u00e4sslich, um potenzielle Barrieren zu \u00fcberwinden, die Kommunikation zu intensivieren und den Erfolg des Teams zu gew\u00e4hrleisten. Insbesondere Leadership Academy Leadership Skills sind bei solchen Herausforderungen sehr gefragt.<\/p>\n<p>Da uns nun die psychologisch wichtige M\u00f6glichkeit der pers\u00f6nlichen Begegnung fehlt, m\u00fcssen wir neue Wege finden. Wir brauchen diese Wege, um diese neuen Alltagssituation erfolgreich zu gestalten.<br \/>\nGenau hierf\u00fcr ist der Kurs &#8222;Cross-Cultural Leadership in Remote &amp; Hybrid Settings&#8220; konzipiert: Ihr werdet eure Leadership-Kompetenz im komplexen Umfeld von interkulturellem und hybridem Leadership vertiefen. Dadurch k\u00f6nnt ihr diese Situationen erfolgreich meistern.<\/p>\n<h2>Leadership Academy Trainings Workshops<\/h2>\n<p>&nbsp;<\/p>\n<h3><strong>Die L\u00f6sung: Vertiefe deine F\u00fchrungskompetenz\u00a0<\/strong><\/h3>\n<p><strong>In diesem praxisbezogenen und sehr interaktiven Kurs wirst du&#8230;<\/strong><\/p>\n<ul>\n<li>&#8230; die Herausforderungen des interkulturellen Remote Leaderships kennenlernen und wie du sie l\u00f6sen kannst.<\/li>\n<li>&#8230; deine eigene kulturelle Pr\u00e4gung reflektieren, um dir unbewusste, kulturell gepr\u00e4gte Verhaltensweisen bewusst zu machen, insbesondere im Bereich der Kommunikation.<\/li>\n<li>&#8230; dich durch den Deep-Dive in interkultureller Kommunikation daf\u00fcr sensibilisieren, die potenziellen interkulturellen Herausforderungen deiner Mitarbeitenden oder Peers zu antizipieren.<\/li>\n<li>&#8230; deine Leadership Toolbox ausbauen: Ihr erarbeitet praktische Methoden, um deine Kompetenzen erfolgreich weiterzuentwickeln.<\/li>\n<\/ul>\n<p>&nbsp;<\/p>\n<p><strong>Du bist interessiert oder hast weitere Fragen? <\/strong>Kontaktiere mich gerne f\u00fcr einen <strong>\ud83d\udc49\ud83c\udffb<\/strong><a href=\"https:\/\/calendly.com\/tigersandflamingos\/virtual-coffee-session\" target=\"_blank\" rel=\"noopener\"><strong>Virtual Coffee <\/strong>oder\u00a0<\/a> per E-Mail: <a href=\"mailto:hello@tigersandflamingos.com\" target=\"_blank\" rel=\"noopener\">hello@tigersandflamingos.com. <\/a>Regelm\u00e4\u00dfig kannst du weitere Informationen zu Leadership Academy Leadership Skills bei uns erhalten.<\/p>\n","protected":false},"excerpt":{"rendered":"<p>Leadership Academy Trainings Workshops Der Fakt Erfolgreiche F\u00fchrungskr\u00e4fte stehen heute vor st\u00e4ndig neuen Herausforderungen in einer sich rasant ver\u00e4ndernden Businesswelt. Die Tigers &amp; Flamingos\u00ae Leadership Academy unterst\u00fctzt dich und dein Team mit Leadership Academy Trainings Workshops dabei diese erfolgreich zu meistern. Besonders im Fokus stehen dabei Leadership Academy Leadership Skills, die f\u00fcr nachhaltigen Erfolg und [&hellip;]<\/p>\n","protected":false},"author":3,"featured_media":0,"parent":0,"menu_order":6,"comment_status":"closed","ping_status":"closed","template":"","meta":{"footnotes":""},"class_list":["post-2509","page","type-page","status-publish","hentry","entry"],"yoast_head":"<!-- This site is optimized with the Yoast SEO Premium plugin v27.3 (Yoast SEO v27.3) - https:\/\/yoast.com\/product\/yoast-seo-premium-wordpress\/ -->\n<title>Leadership Academy: Der Booster f\u00fcr deine Leadership Skills.<\/title>\n<meta name=\"description\" content=\"Entdecke die Leadership Academy f\u00fcr F\u00fchrungskr\u00e4fte &amp; Teams. Entwickle deine Leadership Skills weiter f\u00fcr deinen nachhaltigen Erfolg.\" \/>\n<meta name=\"robots\" content=\"index, follow, max-snippet:-1, max-image-preview:large, max-video-preview:-1\" \/>\n<link rel=\"canonical\" href=\"https:\/\/tigersandflamingos.com\/en\/leadership-academy\/\" \/>\n<meta property=\"og:locale\" content=\"en_GB\" \/>\n<meta property=\"og:type\" content=\"article\" \/>\n<meta property=\"og:title\" content=\"Leadership Academy\" \/>\n<meta property=\"og:description\" content=\"Entdecke die Leadership Academy f\u00fcr F\u00fchrungskr\u00e4fte &amp; Teams. Entwickle deine Leadership Skills weiter f\u00fcr deinen nachhaltigen Erfolg.\" \/>\n<meta property=\"og:url\" content=\"https:\/\/tigersandflamingos.com\/en\/leadership-academy\/\" \/>\n<meta property=\"og:site_name\" content=\"Tigers &amp; Flamingos GmbH Executive &amp; Leadership Coaching\" \/>\n<meta property=\"article:modified_time\" content=\"2026-02-11T15:23:26+00:00\" \/>\n<meta name=\"twitter:card\" content=\"summary_large_image\" \/>\n<meta name=\"twitter:label1\" content=\"Estimated reading time\" \/>\n\t<meta name=\"twitter:data1\" content=\"3 minutes\" \/>\n<script type=\"application\/ld+json\" class=\"yoast-schema-graph\">{\"@context\":\"https:\\\/\\\/schema.org\",\"@graph\":[{\"@type\":\"WebPage\",\"@id\":\"https:\\\/\\\/tigersandflamingos.com\\\/leadership-academy\\\/\",\"url\":\"https:\\\/\\\/tigersandflamingos.com\\\/leadership-academy\\\/\",\"name\":\"Leadership Academy: Der Booster f\u00fcr deine Leadership Skills.\",\"isPartOf\":{\"@id\":\"https:\\\/\\\/tigersandflamingos.com\\\/#website\"},\"datePublished\":\"2025-03-29T18:12:25+00:00\",\"dateModified\":\"2026-02-11T15:23:26+00:00\",\"description\":\"Entdecke die Leadership Academy f\u00fcr F\u00fchrungskr\u00e4fte & Teams. Entwickle deine Leadership Skills weiter f\u00fcr deinen nachhaltigen Erfolg.\",\"breadcrumb\":{\"@id\":\"https:\\\/\\\/tigersandflamingos.com\\\/leadership-academy\\\/#breadcrumb\"},\"inLanguage\":\"en-GB\",\"potentialAction\":[{\"@type\":\"ReadAction\",\"target\":[\"https:\\\/\\\/tigersandflamingos.com\\\/leadership-academy\\\/\"]}]},{\"@type\":\"BreadcrumbList\",\"@id\":\"https:\\\/\\\/tigersandflamingos.com\\\/leadership-academy\\\/#breadcrumb\",\"itemListElement\":[{\"@type\":\"ListItem\",\"position\":1,\"name\":\"Home\",\"item\":\"https:\\\/\\\/tigersandflamingos.com\\\/\"},{\"@type\":\"ListItem\",\"position\":2,\"name\":\"Leadership Academy\"}]},{\"@type\":\"WebSite\",\"@id\":\"https:\\\/\\\/tigersandflamingos.com\\\/#website\",\"url\":\"https:\\\/\\\/tigersandflamingos.com\\\/\",\"name\":\"Tigers & Flamingos GmbH Coaching & Consulting D\u00fcsseldorf\",\"description\":\"Executive Coaching ICF PCC, Leadership Academy, Coach Academy, Trainings.\",\"publisher\":{\"@id\":\"https:\\\/\\\/tigersandflamingos.com\\\/#organization\"},\"potentialAction\":[{\"@type\":\"SearchAction\",\"target\":{\"@type\":\"EntryPoint\",\"urlTemplate\":\"https:\\\/\\\/tigersandflamingos.com\\\/?s={search_term_string}\"},\"query-input\":{\"@type\":\"PropertyValueSpecification\",\"valueRequired\":true,\"valueName\":\"search_term_string\"}}],\"inLanguage\":\"en-GB\"},{\"@type\":\"Organization\",\"@id\":\"https:\\\/\\\/tigersandflamingos.com\\\/#organization\",\"name\":\"Tigers & Flamingos GmbH\",\"url\":\"https:\\\/\\\/tigersandflamingos.com\\\/\",\"logo\":{\"@type\":\"ImageObject\",\"inLanguage\":\"en-GB\",\"@id\":\"https:\\\/\\\/tigersandflamingos.com\\\/#\\\/schema\\\/logo\\\/image\\\/\",\"url\":\"\\\/wp-content\\\/uploads\\\/cropped-cropped-Tigers-Flamingos-png.avif\",\"contentUrl\":\"\\\/wp-content\\\/uploads\\\/cropped-cropped-Tigers-Flamingos-png.avif\",\"width\":190,\"height\":190,\"caption\":\"Tigers & Flamingos GmbH\"},\"image\":{\"@id\":\"https:\\\/\\\/tigersandflamingos.com\\\/#\\\/schema\\\/logo\\\/image\\\/\"},\"email\":\"hello@tigersandflamingos.com\",\"legalName\":\"Tigers & Flamingos GmbH\",\"vatID\":\"DE344444395\",\"ownershipFundingInfo\":\"https:\\\/\\\/tigersandflamingos.com\\\/impressum\\\/\",\"ethicsPolicy\":\"https:\\\/\\\/tigersandflamingos.com\\\/business-ethics\\\/\",\"diversityPolicy\":\"https:\\\/\\\/tigersandflamingos.com\\\/business-ethics\\\/\"}]}<\/script>\n<!-- \/ Yoast SEO Premium plugin. -->","yoast_head_json":{"title":"Leadership Academy: Der Booster f\u00fcr deine Leadership Skills.","description":"Entdecke die Leadership Academy f\u00fcr F\u00fchrungskr\u00e4fte & Teams. Entwickle deine Leadership Skills weiter f\u00fcr deinen nachhaltigen Erfolg.","robots":{"index":"index","follow":"follow","max-snippet":"max-snippet:-1","max-image-preview":"max-image-preview:large","max-video-preview":"max-video-preview:-1"},"canonical":"https:\/\/tigersandflamingos.com\/en\/leadership-academy\/","og_locale":"en_GB","og_type":"article","og_title":"Leadership Academy","og_description":"Entdecke die Leadership Academy f\u00fcr F\u00fchrungskr\u00e4fte & Teams. Entwickle deine Leadership Skills weiter f\u00fcr deinen nachhaltigen Erfolg.","og_url":"https:\/\/tigersandflamingos.com\/en\/leadership-academy\/","og_site_name":"Tigers &amp; Flamingos GmbH Executive &amp; Leadership Coaching","article_modified_time":"2026-02-11T15:23:26+00:00","twitter_card":"summary_large_image","twitter_misc":{"Estimated reading time":"3 minutes"},"schema":{"@context":"https:\/\/schema.org","@graph":[{"@type":"WebPage","@id":"https:\/\/tigersandflamingos.com\/leadership-academy\/","url":"https:\/\/tigersandflamingos.com\/leadership-academy\/","name":"Leadership Academy: Der Booster f\u00fcr deine Leadership Skills.","isPartOf":{"@id":"https:\/\/tigersandflamingos.com\/#website"},"datePublished":"2025-03-29T18:12:25+00:00","dateModified":"2026-02-11T15:23:26+00:00","description":"Entdecke die Leadership Academy f\u00fcr F\u00fchrungskr\u00e4fte & Teams. Entwickle deine Leadership Skills weiter f\u00fcr deinen nachhaltigen Erfolg.","breadcrumb":{"@id":"https:\/\/tigersandflamingos.com\/leadership-academy\/#breadcrumb"},"inLanguage":"en-GB","potentialAction":[{"@type":"ReadAction","target":["https:\/\/tigersandflamingos.com\/leadership-academy\/"]}]},{"@type":"BreadcrumbList","@id":"https:\/\/tigersandflamingos.com\/leadership-academy\/#breadcrumb","itemListElement":[{"@type":"ListItem","position":1,"name":"Home","item":"https:\/\/tigersandflamingos.com\/"},{"@type":"ListItem","position":2,"name":"Leadership Academy"}]},{"@type":"WebSite","@id":"https:\/\/tigersandflamingos.com\/#website","url":"https:\/\/tigersandflamingos.com\/","name":"Tigers & Flamingos GmbH Coaching & Consulting D\u00fcsseldorf","description":"Executive Coaching ICF PCC, Leadership Academy, Coach Academy, Trainings.","publisher":{"@id":"https:\/\/tigersandflamingos.com\/#organization"},"potentialAction":[{"@type":"SearchAction","target":{"@type":"EntryPoint","urlTemplate":"https:\/\/tigersandflamingos.com\/?s={search_term_string}"},"query-input":{"@type":"PropertyValueSpecification","valueRequired":true,"valueName":"search_term_string"}}],"inLanguage":"en-GB"},{"@type":"Organization","@id":"https:\/\/tigersandflamingos.com\/#organization","name":"Tigers & Flamingos GmbH","url":"https:\/\/tigersandflamingos.com\/","logo":{"@type":"ImageObject","inLanguage":"en-GB","@id":"https:\/\/tigersandflamingos.com\/#\/schema\/logo\/image\/","url":"\/wp-content\/uploads\/cropped-cropped-Tigers-Flamingos-png.avif","contentUrl":"\/wp-content\/uploads\/cropped-cropped-Tigers-Flamingos-png.avif","width":190,"height":190,"caption":"Tigers & Flamingos GmbH"},"image":{"@id":"https:\/\/tigersandflamingos.com\/#\/schema\/logo\/image\/"},"email":"hello@tigersandflamingos.com","legalName":"Tigers & Flamingos GmbH","vatID":"DE344444395","ownershipFundingInfo":"https:\/\/tigersandflamingos.com\/impressum\/","ethicsPolicy":"https:\/\/tigersandflamingos.com\/business-ethics\/","diversityPolicy":"https:\/\/tigersandflamingos.com\/business-ethics\/"}]}},"_links":{"self":[{"href":"https:\/\/tigersandflamingos.com\/en\/wp-json\/wp\/v2\/pages\/2509","targetHints":{"allow":["GET"]}}],"collection":[{"href":"https:\/\/tigersandflamingos.com\/en\/wp-json\/wp\/v2\/pages"}],"about":[{"href":"https:\/\/tigersandflamingos.com\/en\/wp-json\/wp\/v2\/types\/page"}],"author":[{"embeddable":true,"href":"https:\/\/tigersandflamingos.com\/en\/wp-json\/wp\/v2\/users\/3"}],"replies":[{"embeddable":true,"href":"https:\/\/tigersandflamingos.com\/en\/wp-json\/wp\/v2\/comments?post=2509"}],"version-history":[{"count":122,"href":"https:\/\/tigersandflamingos.com\/en\/wp-json\/wp\/v2\/pages\/2509\/revisions"}],"predecessor-version":[{"id":3628,"href":"https:\/\/tigersandflamingos.com\/en\/wp-json\/wp\/v2\/pages\/2509\/revisions\/3628"}],"wp:attachment":[{"href":"https:\/\/tigersandflamingos.com\/en\/wp-json\/wp\/v2\/media?parent=2509"}],"curies":[{"name":"wp","href":"https:\/\/api.w.org\/{rel}","templated":true}]}}