{"id":2501,"date":"2025-03-29T18:52:29","date_gmt":"2025-03-29T17:52:29","guid":{"rendered":"https:\/\/tigersandflamingos.com\/?page_id=2501"},"modified":"2026-03-23T09:39:36","modified_gmt":"2026-03-23T08:39:36","slug":"coach-academy","status":"publish","type":"page","link":"https:\/\/tigersandflamingos.com\/en\/coach-academy\/","title":{"rendered":"Coach Academy"},"content":{"rendered":"<h1 style=\"padding-left: 40px;\">Coach Academy:<\/h1>\n<h2 style=\"padding-left: 40px;\">Weiterbildung f\u00fcr Coaches mit CCE Credits<\/h2>\n<p>Die kontinuierlichen Ver\u00e4nderungen in der Businesswelt sind auch f\u00fcr uns Coaches hochrelevant. Coach Academy CCE steht dabei im Fokus, um diesen Wandel erfolgreich zu meistern. Oder anders formuliert: Die Nachfrage nach qualitativen, empathischen sowie innovativen Coaches steigt.<\/p>\n<p>Das ist die Mission der Tigers &amp; Flamingos\u00ae Coach Academy. Der Treffpunkt f\u00fcr Coaches, die ihre Coaching-Kompetenzen praxisnah und relevant ausbauen wollen. Coach Academy: Weiterbildung f\u00fcr Coaches<\/p>\n<p>The concept for all courses is to combine current challenges with the latest state-of-the-art research, and to develop immediately applicable tools in interactive courses that you can immediately apply in your daily coaching practice.<\/p>\n<p>Coach Academy CCE<\/p>\n<p>The demand for insightful, empathetic &amp; innovative coaches is very high in today's fast-paced, dynamic business world. With an ICF credential, you clearly position yourself as a coach in accordance with the highest ethical and quality standards.<\/p>\n<p>&nbsp;<\/p>\n<p><strong>The ICF defines Mentor Coaching as<\/strong><\/p>\n<p><em>\u201eICF defines mentor coaching as a collaborative process where coaches receive feedback based on observed sessions to refine their skills and style in alignment with the ICF Core Competencies. Mentor coaches have their <a href=\"https:\/\/coachingfederation.org\/credentialing\/coaching-competencies\/mentor-coaching-competencies\/\">own set of competencies<\/a> to help guide their work with you, so you can ensure that the experience is grounded in evidence-based practice.\u201c.<\/em><\/p>\n<p>&nbsp;<\/p>\n<p>As an accredited alumnus of<\/p>\n<ul>\n<li><strong>Comprehensive ICF PCC Marker Assessor Training \u2013 v2.00,<\/strong><\/li>\n<li><strong>ICF PCC Marker Assessor Follow-up Training \u2013 v2.00,<\/strong><\/li>\n<li><strong>ICF ACC BARS Assessor Training,<\/strong><\/li>\n<li><strong>ICF Global Knowledge Community,<\/strong><\/li>\n<li>as well as<strong> Member of the ICF Germany mentor group,<\/strong><\/li>\n<\/ul>\n<p>I will provide you with the knowledge that is relevant and important for your mentoring.<\/p>\n<p>&nbsp;<\/p>\n<p><strong>The content and format of mentor coaching:<\/strong><\/p>\n<ul>\n<li>The <a href=\"https:\/\/coachingfederation.org\/credentials-and-standards\/core-competencies\" target=\"_blank\" rel=\"noopener\">eight core competencies for coaches<\/a>: meaning, content, implementation in coaching.<\/li>\n<li><a href=\"https:\/\/coachfederation.org\/ethics\/code-of-ethics\" target=\"_blank\" rel=\"noopener\">ICF Ethic Standards<\/a> (Code of Ethics).<\/li>\n<li>Individual feedback on your coaching sessions.<\/li>\n<li>Feedback by peers.<\/li>\n<li>Certificate for the Portfolio Path Credentialing Process at ICF.<\/li>\n<li>Important: The group size is limited to five participants.<\/li>\n<\/ul>\n<p>&nbsp;<\/p>\n<p>Please feel free to contact me via e-mail for any questions: <a href=\"mailto:hello@tigersandflamingos.com\" target=\"_blank\" rel=\"noopener\"><strong>hello@tigersandflamingos.com<\/strong><\/a>.<\/p>\n<h2>Um dir die maximale Qualit\u00e4t zu bieten, sind die Kurse bei der International Coaching Federation als Fortbildung anerkannt. Somit kannst du dich weiterbilden und gleichzeitig die erforderlichen CCE Credits sammeln.<\/h2>\n<h3>Fortbildung ICF CCE Credits<\/h3>\n<ul>\n<li>All courses are practical, interactive and provide you with tools you can apply immediately.<\/li>\n<li>The courses are offered in German and English.<\/li>\n<li>Important: ICF-certified coaches also receive CCEUs in Core Competencies as well as Resource Development for selected courses.<\/li>\n<\/ul>\n<h3>Ich freue mich darauf, dich zu begr\u00fc\u00dfen! Coach Academy<\/h3>\n<p>&nbsp;<\/p>\n<div class=\"row\">\n<div class=\"col-12\">\n<p>The continuous changes in the business world are also of great relevance to us coaches: e.g. the shift from on-site to hybrid working. Or to put it another way: The demand for qualitative, empathetic and innovative coaches is increasing.<\/p>\n<p>That&#8217;s why it&#8217;s essential for us to stay constantly up to date and continue our professional development in a practice-orientated way.<\/p>\n<p><strong>That is the mission of the Tigers &amp; Flamingos\u00ae Coach Academy: To be the meeting place for coaches who are keen to develop their coaching skills in a practical and relevant way.<\/strong><\/p>\n<p>The concept for all of our courses is to combine current challenges with the latest state-of-the-art research and to develop immediately applicable tools in interactive courses that you can immediately apply in your daily coaching practice.<\/p>\n<h3><\/h3>\n<p>&nbsp;<\/p>\n<ul>\n<li><strong>All courses are practical, interactive and provide you with tools you can apply immediately.<\/strong><\/li>\n<li><strong>The courses are offered in German and English.<\/strong><\/li>\n<li><strong>ICF-certified coaches also receive CCE Credits in Core Competencies as well as Resource Development for all courses.<\/strong><\/li>\n<\/ul>\n<h3>I am looking forward to welcoming you!<\/h3>\n<\/div>\n<\/div>\n<p>&nbsp;<\/p>\n<p>&nbsp;<\/p>\n<h3><img loading=\"lazy\" decoding=\"async\" class=\"alignnone wp-image-2483\" src=\"\/wp-content\/uploads\/ICF-CCE-Color-png.avif\" alt=\"CCE ICF Continuing Coach Education International Coaching Federation Anja Karina Mundinger ICF (International Coaching Federation) PCC Coach. Coaching in D\u00fcsseldorf, Remote and Online. Executive &amp; Leadership Coaching ICF PCC, Mentor Coach, Coaching, Coach Academy, Leadership Academy. \" width=\"281\" height=\"250\" \/><\/h3>","protected":false},"excerpt":{"rendered":"<p>Coach Academy: Weiterbildung f\u00fcr Coaches mit CCE Credits Die kontinuierlichen Ver\u00e4nderungen in der Businesswelt sind auch f\u00fcr uns Coaches hochrelevant. Coach Academy CCE steht dabei im Fokus, um diesen Wandel erfolgreich zu meistern. Oder anders formuliert: Die Nachfrage nach qualitativen, empathischen sowie innovativen Coaches steigt. Das ist die Mission der Tigers &amp; Flamingos\u00ae Coach Academy. [&hellip;]<\/p>\n","protected":false},"author":3,"featured_media":0,"parent":0,"menu_order":5,"comment_status":"closed","ping_status":"closed","template":"","meta":{"footnotes":""},"class_list":["post-2501","page","type-page","status-publish","hentry","entry"],"yoast_head":"<!-- This site is optimized with the Yoast SEO Premium plugin v27.2 (Yoast SEO v27.3) - https:\/\/yoast.com\/product\/yoast-seo-premium-wordpress\/ -->\n<title>Coach Academy: Weiterbildung &amp; Mentoring mit CCE Credits<\/title>\n<meta name=\"description\" content=\"Entdecke die Coach Academy mit CCE Credits &amp; erfahre, wie sie du deine Kompetenzen &amp; Coaching Skills ausbauen kannst.\" \/>\n<meta name=\"robots\" content=\"index, follow, max-snippet:-1, max-image-preview:large, max-video-preview:-1\" \/>\n<link rel=\"canonical\" href=\"https:\/\/tigersandflamingos.com\/en\/coach-academy\/\" \/>\n<meta property=\"og:locale\" content=\"en_GB\" \/>\n<meta property=\"og:type\" content=\"article\" \/>\n<meta property=\"og:title\" content=\"Coach Academy\" \/>\n<meta property=\"og:description\" content=\"Entdecke die Coach Academy mit CCE Credits &amp; erfahre, wie sie du deine Kompetenzen &amp; Coaching Skills ausbauen kannst.\" \/>\n<meta property=\"og:url\" content=\"https:\/\/tigersandflamingos.com\/en\/coach-academy\/\" \/>\n<meta property=\"og:site_name\" content=\"Tigers &amp; Flamingos GmbH Executive &amp; Leadership Coaching\" \/>\n<meta property=\"article:modified_time\" content=\"2026-03-23T08:39:36+00:00\" \/>\n<meta name=\"twitter:card\" content=\"summary_large_image\" \/>\n<meta name=\"twitter:label1\" content=\"Estimated reading time\" \/>\n\t<meta name=\"twitter:data1\" content=\"4 minutes\" \/>\n<script type=\"application\/ld+json\" class=\"yoast-schema-graph\">{\"@context\":\"https:\\\/\\\/schema.org\",\"@graph\":[{\"@type\":\"WebPage\",\"@id\":\"https:\\\/\\\/tigersandflamingos.com\\\/coach-academy\\\/\",\"url\":\"https:\\\/\\\/tigersandflamingos.com\\\/coach-academy\\\/\",\"name\":\"Coach Academy: Weiterbildung & Mentoring mit CCE Credits\",\"isPartOf\":{\"@id\":\"https:\\\/\\\/tigersandflamingos.com\\\/#website\"},\"datePublished\":\"2025-03-29T17:52:29+00:00\",\"dateModified\":\"2026-03-23T08:39:36+00:00\",\"description\":\"Entdecke die Coach Academy mit CCE Credits & erfahre, wie sie du deine Kompetenzen & Coaching Skills ausbauen kannst.\",\"breadcrumb\":{\"@id\":\"https:\\\/\\\/tigersandflamingos.com\\\/coach-academy\\\/#breadcrumb\"},\"inLanguage\":\"en-GB\",\"potentialAction\":[{\"@type\":\"ReadAction\",\"target\":[\"https:\\\/\\\/tigersandflamingos.com\\\/coach-academy\\\/\"]}]},{\"@type\":\"BreadcrumbList\",\"@id\":\"https:\\\/\\\/tigersandflamingos.com\\\/coach-academy\\\/#breadcrumb\",\"itemListElement\":[{\"@type\":\"ListItem\",\"position\":1,\"name\":\"Home\",\"item\":\"https:\\\/\\\/tigersandflamingos.com\\\/\"},{\"@type\":\"ListItem\",\"position\":2,\"name\":\"Coach Academy\"}]},{\"@type\":\"WebSite\",\"@id\":\"https:\\\/\\\/tigersandflamingos.com\\\/#website\",\"url\":\"https:\\\/\\\/tigersandflamingos.com\\\/\",\"name\":\"Tigers & Flamingos GmbH Coaching & Consulting D\u00fcsseldorf\",\"description\":\"Executive Coaching ICF PCC, Leadership Academy, Coach Academy, Trainings.\",\"publisher\":{\"@id\":\"https:\\\/\\\/tigersandflamingos.com\\\/#organization\"},\"potentialAction\":[{\"@type\":\"SearchAction\",\"target\":{\"@type\":\"EntryPoint\",\"urlTemplate\":\"https:\\\/\\\/tigersandflamingos.com\\\/?s={search_term_string}\"},\"query-input\":{\"@type\":\"PropertyValueSpecification\",\"valueRequired\":true,\"valueName\":\"search_term_string\"}}],\"inLanguage\":\"en-GB\"},{\"@type\":\"Organization\",\"@id\":\"https:\\\/\\\/tigersandflamingos.com\\\/#organization\",\"name\":\"Tigers & Flamingos GmbH\",\"url\":\"https:\\\/\\\/tigersandflamingos.com\\\/\",\"logo\":{\"@type\":\"ImageObject\",\"inLanguage\":\"en-GB\",\"@id\":\"https:\\\/\\\/tigersandflamingos.com\\\/#\\\/schema\\\/logo\\\/image\\\/\",\"url\":\"\\\/wp-content\\\/uploads\\\/cropped-cropped-Tigers-Flamingos-png.avif\",\"contentUrl\":\"\\\/wp-content\\\/uploads\\\/cropped-cropped-Tigers-Flamingos-png.avif\",\"width\":190,\"height\":190,\"caption\":\"Tigers & Flamingos GmbH\"},\"image\":{\"@id\":\"https:\\\/\\\/tigersandflamingos.com\\\/#\\\/schema\\\/logo\\\/image\\\/\"},\"email\":\"hello@tigersandflamingos.com\",\"legalName\":\"Tigers & Flamingos GmbH\",\"vatID\":\"DE344444395\",\"ownershipFundingInfo\":\"https:\\\/\\\/tigersandflamingos.com\\\/impressum\\\/\",\"ethicsPolicy\":\"https:\\\/\\\/tigersandflamingos.com\\\/business-ethics\\\/\",\"diversityPolicy\":\"https:\\\/\\\/tigersandflamingos.com\\\/business-ethics\\\/\"}]}<\/script>\n<!-- \/ Yoast SEO Premium plugin. -->","yoast_head_json":{"title":"Coach Academy: Weiterbildung & Mentoring mit CCE Credits","description":"Entdecke die Coach Academy mit CCE Credits & erfahre, wie sie du deine Kompetenzen & Coaching Skills ausbauen kannst.","robots":{"index":"index","follow":"follow","max-snippet":"max-snippet:-1","max-image-preview":"max-image-preview:large","max-video-preview":"max-video-preview:-1"},"canonical":"https:\/\/tigersandflamingos.com\/en\/coach-academy\/","og_locale":"en_GB","og_type":"article","og_title":"Coach Academy","og_description":"Entdecke die Coach Academy mit CCE Credits & erfahre, wie sie du deine Kompetenzen & Coaching Skills ausbauen kannst.","og_url":"https:\/\/tigersandflamingos.com\/en\/coach-academy\/","og_site_name":"Tigers &amp; Flamingos GmbH Executive &amp; Leadership Coaching","article_modified_time":"2026-03-23T08:39:36+00:00","twitter_card":"summary_large_image","twitter_misc":{"Estimated reading time":"4 minutes"},"schema":{"@context":"https:\/\/schema.org","@graph":[{"@type":"WebPage","@id":"https:\/\/tigersandflamingos.com\/coach-academy\/","url":"https:\/\/tigersandflamingos.com\/coach-academy\/","name":"Coach Academy: Weiterbildung & Mentoring mit CCE Credits","isPartOf":{"@id":"https:\/\/tigersandflamingos.com\/#website"},"datePublished":"2025-03-29T17:52:29+00:00","dateModified":"2026-03-23T08:39:36+00:00","description":"Entdecke die Coach Academy mit CCE Credits & erfahre, wie sie du deine Kompetenzen & Coaching Skills ausbauen kannst.","breadcrumb":{"@id":"https:\/\/tigersandflamingos.com\/coach-academy\/#breadcrumb"},"inLanguage":"en-GB","potentialAction":[{"@type":"ReadAction","target":["https:\/\/tigersandflamingos.com\/coach-academy\/"]}]},{"@type":"BreadcrumbList","@id":"https:\/\/tigersandflamingos.com\/coach-academy\/#breadcrumb","itemListElement":[{"@type":"ListItem","position":1,"name":"Home","item":"https:\/\/tigersandflamingos.com\/"},{"@type":"ListItem","position":2,"name":"Coach Academy"}]},{"@type":"WebSite","@id":"https:\/\/tigersandflamingos.com\/#website","url":"https:\/\/tigersandflamingos.com\/","name":"Tigers & Flamingos GmbH Coaching & Consulting D\u00fcsseldorf","description":"Executive Coaching ICF PCC, Leadership Academy, Coach Academy, Trainings.","publisher":{"@id":"https:\/\/tigersandflamingos.com\/#organization"},"potentialAction":[{"@type":"SearchAction","target":{"@type":"EntryPoint","urlTemplate":"https:\/\/tigersandflamingos.com\/?s={search_term_string}"},"query-input":{"@type":"PropertyValueSpecification","valueRequired":true,"valueName":"search_term_string"}}],"inLanguage":"en-GB"},{"@type":"Organization","@id":"https:\/\/tigersandflamingos.com\/#organization","name":"Tigers & Flamingos GmbH","url":"https:\/\/tigersandflamingos.com\/","logo":{"@type":"ImageObject","inLanguage":"en-GB","@id":"https:\/\/tigersandflamingos.com\/#\/schema\/logo\/image\/","url":"\/wp-content\/uploads\/cropped-cropped-Tigers-Flamingos-png.avif","contentUrl":"\/wp-content\/uploads\/cropped-cropped-Tigers-Flamingos-png.avif","width":190,"height":190,"caption":"Tigers & Flamingos GmbH"},"image":{"@id":"https:\/\/tigersandflamingos.com\/#\/schema\/logo\/image\/"},"email":"hello@tigersandflamingos.com","legalName":"Tigers & Flamingos GmbH","vatID":"DE344444395","ownershipFundingInfo":"https:\/\/tigersandflamingos.com\/impressum\/","ethicsPolicy":"https:\/\/tigersandflamingos.com\/business-ethics\/","diversityPolicy":"https:\/\/tigersandflamingos.com\/business-ethics\/"}]}},"_links":{"self":[{"href":"https:\/\/tigersandflamingos.com\/en\/wp-json\/wp\/v2\/pages\/2501","targetHints":{"allow":["GET"]}}],"collection":[{"href":"https:\/\/tigersandflamingos.com\/en\/wp-json\/wp\/v2\/pages"}],"about":[{"href":"https:\/\/tigersandflamingos.com\/en\/wp-json\/wp\/v2\/types\/page"}],"author":[{"embeddable":true,"href":"https:\/\/tigersandflamingos.com\/en\/wp-json\/wp\/v2\/users\/3"}],"replies":[{"embeddable":true,"href":"https:\/\/tigersandflamingos.com\/en\/wp-json\/wp\/v2\/comments?post=2501"}],"version-history":[{"count":125,"href":"https:\/\/tigersandflamingos.com\/en\/wp-json\/wp\/v2\/pages\/2501\/revisions"}],"predecessor-version":[{"id":3709,"href":"https:\/\/tigersandflamingos.com\/en\/wp-json\/wp\/v2\/pages\/2501\/revisions\/3709"}],"wp:attachment":[{"href":"https:\/\/tigersandflamingos.com\/en\/wp-json\/wp\/v2\/media?parent=2501"}],"curies":[{"name":"wp","href":"https:\/\/api.w.org\/{rel}","templated":true}]}}