{"id":2407,"date":"2025-03-18T16:54:34","date_gmt":"2025-03-18T15:54:34","guid":{"rendered":"https:\/\/tigersandflamingos.com\/?page_id=2407"},"modified":"2026-02-11T16:20:08","modified_gmt":"2026-02-11T15:20:08","slug":"icf-mentor-coaching","status":"publish","type":"page","link":"https:\/\/tigersandflamingos.com\/en\/icf-mentor-coaching\/","title":{"rendered":"ICF Mentor Coaching"},"content":{"rendered":"<p><img loading=\"lazy\" decoding=\"async\" class=\"alignnone wp-image-2658 size-medium\" src=\"\/wp-content\/uploads\/Anja-Karina-Mundinger-scaled-e1744524871839-292x300.avif\" alt=\"Anja Karina Mundinger ICF (International Coaching Federation) PCC Coach. Coaching in D\u00fcsseldorf, Remote and Online. Executive &amp; Leadership Coaching ICF PCC, Mentor Coach, Coaching, Coach Academy, Leadership Academy. Standing in front of a patterned wall made of colourful tiles in D\u00fcsseldorf.\" width=\"292\" height=\"300\" \/><\/p>\n<h1>Mentor Coaching ICF ACC PCC Coach Zertifizierung ICF International Coaching Federation, Fortbildung ICF CCEU D\u00fcsseldorf, Remote, Online<\/h1>\n<p>Mentor Coaching ICF Zertifizierung<\/p>\n<div class=\"fl-col fl-node-znkumbcql49w fl-col-bg-color\" data-node=\"znkumbcql49w\">\n<div class=\"fl-col-content fl-node-content\">\n<div class=\"fl-module fl-module-fl-post-content fl-node-59ziyeb4hq2a max-750\" data-node=\"59ziyeb4hq2a\">\n<div class=\"fl-module-content fl-node-content\">\n<p>Die ICF-Mentor-Coaching-Kompetenzen dienen als grundlegender Leitfaden f\u00fcr Mentor-Coaches und bieten einen strukturierten Rahmen zur Verbesserung ihrer Effektivit\u00e4t und Wirkung. Diese Kompetenzen wurden in Anlehnung an die ICF-Kernkompetenzen entwickelt und definieren die wesentlichen F\u00e4higkeiten und Kenntnisse, die Mentor-Coaches ben\u00f6tigen, um andere Coaches bei der Verfeinerung ihrer F\u00e4higkeiten und der Anhebung ihrer professionellen Standards zu unterst\u00fctzen.<\/p>\n<p>Mentor Coaching ICF ACC PCC Zertifizierung<\/p>\n<p>Dieser Rahmen ist in vier Schl\u00fcsselbereiche gegliedert: Grundlagen, Prozessmanagement, Klientenentwicklung und Gruppen-Coaching f\u00fcr Mentoren. Innerhalb dieser Bereiche umrei\u00dfen sechs Kernkompetenzen die Erwartungen an Mentor-Coaches, die sicherstellen, dass sie aussagekr\u00e4ftiges, qualitativ hochwertiges Feedback geben, die Entwicklung von F\u00e4higkeiten f\u00f6rdern und zum Erfolg der breiteren Coaching-Gemeinschaft beitragen. Durch die Befolgung dieser Richtlinien k\u00f6nnen Mentor-Coaches ein Umfeld schaffen, in dem sich Coaches in ihrem kontinuierlichen Lernprozess unterst\u00fctzt f\u00fchlen.<br \/>\n\u00dcber die Verbesserung der F\u00e4higkeiten hinaus tragen die ICF ACC PCC Mentor-Coaching-Kompetenzen dazu bei, Konsistenz und Exzellenz in der Coaching-Branche zu etablieren. Sie gew\u00e4hrleisten, dass Mentor-Coaches ethische Richtlinien einhalten, evidenzbasierte Coaching-Methoden anwenden und eine wachstumsorientierte Beziehung zu ihren Mentees pflegen. Dieser Kompetenzrahmen ist eine unsch\u00e4tzbare Ressource f\u00fcr Mentor-Coaches, die eine nachhaltige Wirkung erzielen wollen, indem sie andere zu Meisterschaft und Erfolg im Coaching anleiten.<\/p>\n<p>&nbsp;<\/p>\n<\/div>\n<\/div>\n<\/div>\n<\/div>\n<h2>Mentor Coaching ICF ACC PCC Coach Zertifizierung ICF International Coaching Federation, Fortbildung ICF CCEU<\/h2>\n<p>Mentor Coaching ICF ACC PCC Zertifizierung<\/p>\n<p>The demand for insightful, empathetic &amp; innovative coaches is very high in today's fast-paced, dynamic business world. With an ICF credential, you clearly position yourself as a coach in accordance with the highest ethical and quality standards.<\/p>\n<p>As an accredited alumnus of<\/p>\n<ul>\n<li><strong>Comprehensive ICF PCC Marker Assessor Training \u2013 v2.00,<\/strong><\/li>\n<li><strong>ICF PCC Marker Assessor Follow-up Training \u2013 v2.00,<\/strong><\/li>\n<li><strong>ICF ACC BARS Training,<\/strong><\/li>\n<li><strong>ICF ACC BARS Assessor Training,<\/strong><\/li>\n<li><strong>ICF Global Knowledge Community,<\/strong><\/li>\n<li>as well as<strong> Member of the ICF Germany mentor group,<\/strong><\/li>\n<\/ul>\n<p>bringe<a href=\"https:\/\/tigersandflamingos.com\/en\/anja\/\"> ich<\/a> das Wissen mit, welches f\u00fcr dein Mentoring relevant und wichtig ist.<\/p>\n<p>&nbsp;<\/p>\n<p><strong>The content and format of mentor coaching:<\/strong><\/p>\n<ul>\n<li>The <a href=\"https:\/\/coachingfederation.org\/credentials-and-standards\/core-competencies\" target=\"_blank\" rel=\"noopener\">eight core competencies for coaches<\/a>: meaning, content, implementation in coaching.<\/li>\n<li><a href=\"https:\/\/coachfederation.org\/ethics\/code-of-ethics\" target=\"_blank\" rel=\"noopener\">ICF Ethic Standards<\/a> (Code of Ethics).<\/li>\n<li>Individual feedback on your coaching sessions.<\/li>\n<li>Feedback by peers.<\/li>\n<li>Certificate for the Portfolio Path Credentialing Process at ICF.<\/li>\n<li>Important: The group size is limited to five participants.<\/li>\n<\/ul>\n<p>&nbsp;<\/p>\n<p><strong>Appointments for individual mentoring are organised by individual agreement.<br \/>\n<\/strong><\/p>\n<p>&nbsp;<\/p>","protected":false},"excerpt":{"rendered":"<p>Mentor Coaching ICF ACC PCC Coach Zertifizierung ICF International Coaching Federation, Fortbildung ICF CCEU D\u00fcsseldorf, Remote, Online Mentor Coaching ICF Zertifizierung Die ICF-Mentor-Coaching-Kompetenzen dienen als grundlegender Leitfaden f\u00fcr Mentor-Coaches und bieten einen strukturierten Rahmen zur Verbesserung ihrer Effektivit\u00e4t und Wirkung. Diese Kompetenzen wurden in Anlehnung an die ICF-Kernkompetenzen entwickelt und definieren die wesentlichen F\u00e4higkeiten und [&hellip;]<\/p>\n","protected":false},"author":3,"featured_media":0,"parent":0,"menu_order":4,"comment_status":"closed","ping_status":"closed","template":"","meta":{"footnotes":""},"class_list":["post-2407","page","type-page","status-publish","hentry","entry"],"yoast_head":"<!-- This site is optimized with the Yoast SEO Premium plugin v27.2 (Yoast SEO v27.3) - https:\/\/yoast.com\/product\/yoast-seo-premium-wordpress\/ -->\n<title>Mentor Coaching ICF ACC &amp; PCC f\u00fcr die Zertifizierung<\/title>\n<meta name=\"description\" content=\"Mentor Coaching ICF ACC &amp; PCC Zertifizierung: Mentoring in der Gruppe plus Einzeltermine. Alle Termine &amp; Informationen auf einen Blick.\" \/>\n<meta name=\"robots\" content=\"index, follow, max-snippet:-1, max-image-preview:large, max-video-preview:-1\" \/>\n<link rel=\"canonical\" href=\"https:\/\/tigersandflamingos.com\/en\/icf-mentor-coaching\/\" \/>\n<meta property=\"og:locale\" content=\"en_GB\" \/>\n<meta property=\"og:type\" content=\"article\" \/>\n<meta property=\"og:title\" content=\"ICF Mentor Coaching\" \/>\n<meta property=\"og:description\" content=\"Mentor Coaching ICF ACC &amp; PCC Zertifizierung: Mentoring in der Gruppe plus Einzeltermine. Alle Termine &amp; Informationen auf einen Blick.\" \/>\n<meta property=\"og:url\" content=\"https:\/\/tigersandflamingos.com\/en\/icf-mentor-coaching\/\" \/>\n<meta property=\"og:site_name\" content=\"Tigers &amp; Flamingos GmbH Executive &amp; Leadership Coaching\" \/>\n<meta property=\"article:modified_time\" content=\"2026-02-11T15:20:08+00:00\" \/>\n<meta name=\"twitter:card\" content=\"summary_large_image\" \/>\n<meta name=\"twitter:label1\" content=\"Estimated reading time\" \/>\n\t<meta name=\"twitter:data1\" content=\"3 minutes\" \/>\n<script type=\"application\/ld+json\" class=\"yoast-schema-graph\">{\"@context\":\"https:\\\/\\\/schema.org\",\"@graph\":[{\"@type\":\"WebPage\",\"@id\":\"https:\\\/\\\/tigersandflamingos.com\\\/icf-mentor-coaching\\\/\",\"url\":\"https:\\\/\\\/tigersandflamingos.com\\\/icf-mentor-coaching\\\/\",\"name\":\"Mentor Coaching ICF ACC & PCC f\u00fcr die Zertifizierung\",\"isPartOf\":{\"@id\":\"https:\\\/\\\/tigersandflamingos.com\\\/#website\"},\"datePublished\":\"2025-03-18T15:54:34+00:00\",\"dateModified\":\"2026-02-11T15:20:08+00:00\",\"description\":\"Mentor Coaching ICF ACC & PCC Zertifizierung: Mentoring in der Gruppe plus Einzeltermine. Alle Termine & Informationen auf einen Blick.\",\"breadcrumb\":{\"@id\":\"https:\\\/\\\/tigersandflamingos.com\\\/icf-mentor-coaching\\\/#breadcrumb\"},\"inLanguage\":\"en-GB\",\"potentialAction\":[{\"@type\":\"ReadAction\",\"target\":[\"https:\\\/\\\/tigersandflamingos.com\\\/icf-mentor-coaching\\\/\"]}]},{\"@type\":\"BreadcrumbList\",\"@id\":\"https:\\\/\\\/tigersandflamingos.com\\\/icf-mentor-coaching\\\/#breadcrumb\",\"itemListElement\":[{\"@type\":\"ListItem\",\"position\":1,\"name\":\"Home\",\"item\":\"https:\\\/\\\/tigersandflamingos.com\\\/\"},{\"@type\":\"ListItem\",\"position\":2,\"name\":\"ICF Mentor Coaching\"}]},{\"@type\":\"WebSite\",\"@id\":\"https:\\\/\\\/tigersandflamingos.com\\\/#website\",\"url\":\"https:\\\/\\\/tigersandflamingos.com\\\/\",\"name\":\"Tigers & Flamingos GmbH Coaching & Consulting D\u00fcsseldorf\",\"description\":\"Executive Coaching ICF PCC, Leadership Academy, Coach Academy, Trainings.\",\"publisher\":{\"@id\":\"https:\\\/\\\/tigersandflamingos.com\\\/#organization\"},\"potentialAction\":[{\"@type\":\"SearchAction\",\"target\":{\"@type\":\"EntryPoint\",\"urlTemplate\":\"https:\\\/\\\/tigersandflamingos.com\\\/?s={search_term_string}\"},\"query-input\":{\"@type\":\"PropertyValueSpecification\",\"valueRequired\":true,\"valueName\":\"search_term_string\"}}],\"inLanguage\":\"en-GB\"},{\"@type\":\"Organization\",\"@id\":\"https:\\\/\\\/tigersandflamingos.com\\\/#organization\",\"name\":\"Tigers & Flamingos GmbH\",\"url\":\"https:\\\/\\\/tigersandflamingos.com\\\/\",\"logo\":{\"@type\":\"ImageObject\",\"inLanguage\":\"en-GB\",\"@id\":\"https:\\\/\\\/tigersandflamingos.com\\\/#\\\/schema\\\/logo\\\/image\\\/\",\"url\":\"\\\/wp-content\\\/uploads\\\/cropped-cropped-Tigers-Flamingos-png.avif\",\"contentUrl\":\"\\\/wp-content\\\/uploads\\\/cropped-cropped-Tigers-Flamingos-png.avif\",\"width\":190,\"height\":190,\"caption\":\"Tigers & Flamingos GmbH\"},\"image\":{\"@id\":\"https:\\\/\\\/tigersandflamingos.com\\\/#\\\/schema\\\/logo\\\/image\\\/\"},\"email\":\"hello@tigersandflamingos.com\",\"legalName\":\"Tigers & Flamingos GmbH\",\"vatID\":\"DE344444395\",\"ownershipFundingInfo\":\"https:\\\/\\\/tigersandflamingos.com\\\/impressum\\\/\",\"ethicsPolicy\":\"https:\\\/\\\/tigersandflamingos.com\\\/business-ethics\\\/\",\"diversityPolicy\":\"https:\\\/\\\/tigersandflamingos.com\\\/business-ethics\\\/\"}]}<\/script>\n<!-- \/ Yoast SEO Premium plugin. -->","yoast_head_json":{"title":"Mentor Coaching ICF ACC & PCC f\u00fcr die Zertifizierung","description":"Mentor Coaching ICF ACC & PCC Zertifizierung: Mentoring in der Gruppe plus Einzeltermine. Alle Termine & Informationen auf einen Blick.","robots":{"index":"index","follow":"follow","max-snippet":"max-snippet:-1","max-image-preview":"max-image-preview:large","max-video-preview":"max-video-preview:-1"},"canonical":"https:\/\/tigersandflamingos.com\/en\/icf-mentor-coaching\/","og_locale":"en_GB","og_type":"article","og_title":"ICF Mentor Coaching","og_description":"Mentor Coaching ICF ACC & PCC Zertifizierung: Mentoring in der Gruppe plus Einzeltermine. Alle Termine & Informationen auf einen Blick.","og_url":"https:\/\/tigersandflamingos.com\/en\/icf-mentor-coaching\/","og_site_name":"Tigers &amp; Flamingos GmbH Executive &amp; Leadership Coaching","article_modified_time":"2026-02-11T15:20:08+00:00","twitter_card":"summary_large_image","twitter_misc":{"Estimated reading time":"3 minutes"},"schema":{"@context":"https:\/\/schema.org","@graph":[{"@type":"WebPage","@id":"https:\/\/tigersandflamingos.com\/icf-mentor-coaching\/","url":"https:\/\/tigersandflamingos.com\/icf-mentor-coaching\/","name":"Mentor Coaching ICF ACC & PCC f\u00fcr die Zertifizierung","isPartOf":{"@id":"https:\/\/tigersandflamingos.com\/#website"},"datePublished":"2025-03-18T15:54:34+00:00","dateModified":"2026-02-11T15:20:08+00:00","description":"Mentor Coaching ICF ACC & PCC Zertifizierung: Mentoring in der Gruppe plus Einzeltermine. Alle Termine & Informationen auf einen Blick.","breadcrumb":{"@id":"https:\/\/tigersandflamingos.com\/icf-mentor-coaching\/#breadcrumb"},"inLanguage":"en-GB","potentialAction":[{"@type":"ReadAction","target":["https:\/\/tigersandflamingos.com\/icf-mentor-coaching\/"]}]},{"@type":"BreadcrumbList","@id":"https:\/\/tigersandflamingos.com\/icf-mentor-coaching\/#breadcrumb","itemListElement":[{"@type":"ListItem","position":1,"name":"Home","item":"https:\/\/tigersandflamingos.com\/"},{"@type":"ListItem","position":2,"name":"ICF Mentor Coaching"}]},{"@type":"WebSite","@id":"https:\/\/tigersandflamingos.com\/#website","url":"https:\/\/tigersandflamingos.com\/","name":"Tigers & Flamingos GmbH Coaching & Consulting D\u00fcsseldorf","description":"Executive Coaching ICF PCC, Leadership Academy, Coach Academy, Trainings.","publisher":{"@id":"https:\/\/tigersandflamingos.com\/#organization"},"potentialAction":[{"@type":"SearchAction","target":{"@type":"EntryPoint","urlTemplate":"https:\/\/tigersandflamingos.com\/?s={search_term_string}"},"query-input":{"@type":"PropertyValueSpecification","valueRequired":true,"valueName":"search_term_string"}}],"inLanguage":"en-GB"},{"@type":"Organization","@id":"https:\/\/tigersandflamingos.com\/#organization","name":"Tigers & Flamingos GmbH","url":"https:\/\/tigersandflamingos.com\/","logo":{"@type":"ImageObject","inLanguage":"en-GB","@id":"https:\/\/tigersandflamingos.com\/#\/schema\/logo\/image\/","url":"\/wp-content\/uploads\/cropped-cropped-Tigers-Flamingos-png.avif","contentUrl":"\/wp-content\/uploads\/cropped-cropped-Tigers-Flamingos-png.avif","width":190,"height":190,"caption":"Tigers & Flamingos GmbH"},"image":{"@id":"https:\/\/tigersandflamingos.com\/#\/schema\/logo\/image\/"},"email":"hello@tigersandflamingos.com","legalName":"Tigers & Flamingos GmbH","vatID":"DE344444395","ownershipFundingInfo":"https:\/\/tigersandflamingos.com\/impressum\/","ethicsPolicy":"https:\/\/tigersandflamingos.com\/business-ethics\/","diversityPolicy":"https:\/\/tigersandflamingos.com\/business-ethics\/"}]}},"_links":{"self":[{"href":"https:\/\/tigersandflamingos.com\/en\/wp-json\/wp\/v2\/pages\/2407","targetHints":{"allow":["GET"]}}],"collection":[{"href":"https:\/\/tigersandflamingos.com\/en\/wp-json\/wp\/v2\/pages"}],"about":[{"href":"https:\/\/tigersandflamingos.com\/en\/wp-json\/wp\/v2\/types\/page"}],"author":[{"embeddable":true,"href":"https:\/\/tigersandflamingos.com\/en\/wp-json\/wp\/v2\/users\/3"}],"replies":[{"embeddable":true,"href":"https:\/\/tigersandflamingos.com\/en\/wp-json\/wp\/v2\/comments?post=2407"}],"version-history":[{"count":84,"href":"https:\/\/tigersandflamingos.com\/en\/wp-json\/wp\/v2\/pages\/2407\/revisions"}],"predecessor-version":[{"id":3626,"href":"https:\/\/tigersandflamingos.com\/en\/wp-json\/wp\/v2\/pages\/2407\/revisions\/3626"}],"wp:attachment":[{"href":"https:\/\/tigersandflamingos.com\/en\/wp-json\/wp\/v2\/media?parent=2407"}],"curies":[{"name":"wp","href":"https:\/\/api.w.org\/{rel}","templated":true}]}}