{"id":2,"date":"2019-11-12T12:07:56","date_gmt":"2019-11-12T11:07:56","guid":{"rendered":"http:\/\/tigers-and-flamingos.ddev.site\/?page_id=2"},"modified":"2026-02-04T17:58:18","modified_gmt":"2026-02-04T16:58:18","slug":"tigers-flamnings-gmbh-coaching","status":"publish","type":"page","link":"https:\/\/tigersandflamingos.com\/en\/","title":{"rendered":"Startseite"},"content":{"rendered":"<p><img loading=\"lazy\" decoding=\"async\" class=\"alignnone wp-image-2658\" src=\"\/wp-content\/uploads\/Anja-Karina-Mundinger-scaled-e1744524871839.avif\" alt=\"Anja Karina Mundinger ICF (International Coaching Federation) PCC Coach. Coaching in D\u00fcsseldorf, Remote and Online. Executive &amp; Leadership Coaching ICF PCC, Mentor Coach, Coaching, Coach Academy, Leadership Academy. Standing in front of a patterned wall made of colourful tiles in D\u00fcsseldorf.\" width=\"219\" height=\"225\" \/><\/p>\n<h1>Zertifiziertes Executive Coaching: Transformative Coaching-Erfahrungen<\/h1>\n<h2>Einf\u00fchrung in das zertifizierte Executive Coaching<br \/>\nDie Vorteile des Coachings f\u00fcr F\u00fchrungskr\u00e4fte<\/h2>\n<h3>Steigerung der pers\u00f6nlichen Effektivit\u00e4t<br \/>\nVerbesserung der Teamdynamik<\/h3>\n<p>Die Merkmale eines zertifizierten Executive Coaches<br \/>\nAusbildung und Qualifikationen<br \/>\nErfahrung und Spezialisierung<br \/>\nCoaching-Methoden und -Techniken<br \/>\nIndividuelles Coaching<br \/>\nTeam Coaching<\/p>\n<p>&nbsp;<\/p>\n<p>Executive &amp; Leadership Coaching ICF D\u00fcsseldorf Mentor Coaching ICF ACC PCC Online Remote<\/p>\n<h2><strong>Ziele sind eine gro\u00dfartige Sache. ICF D\u00fcsseldorf Mentor Coaching ICF ACC PCC, Management, Soft Skills, Leadership<br \/>\n<\/strong><\/h2>\n<p>They motivate and give us a perspective.<br \/>\nHowever, the path to the goal can be full of surprises: spontaneous events &amp; developments present us with new challenges. Then, we find ourselves at a point where we can no longer progress as we would like and have no idea how to proceed.\nEspecially in a world of constant change, leaders need the ability to adapt to new challenges to succeed in a fast-moving environment - as a leader and in the management team. This requires strengthening and extending soft skills, particularly to be fit for the future.\nSo the question often arises: What can I do, how can I proceed, and who supports me?<\/p>\n<p>Especially in a world of constant change, leaders need the ability to adapt to new challenges in order to be successful in a fast-moving environment - as a leader as well as in the management team.<\/p>\n<p>So the question often arises: What can I do, how can I proceed and who support me?<\/p>\n<p>Executive &amp; Leadership Coaching ICF<\/p>\n<h2><strong>Together we will find the way.<br \/>\n<\/strong><\/h2>\n<p>Executive &amp; Leadership Coaching ICF<\/p>\n<p>Systemisches Coaching ist der Prozess, in dem wir systematisch die Challenges bearbeiten, die sich im Arbeitskontext ergeben. Ich habe mich der Aufgabe verschrieben, die Coachees dabei zu unterst\u00fctzen, ihr volles Potenzial auszusch\u00f6pfen. Um in einer sich permanent wandelnden Welt erfolgreich zu sein. Tailor-made und ganz auf die individuellen Bed\u00fcrfnisse abgestimmt erarbeiten wir Strategien und L\u00f6sungswege, um das Ziel nachhaltig zu erreichen.<\/p>\n<p>Coaching offers coachees a safe space in which they can discuss their challenges openly and with the utmost confidentiality.<\/p>\n<p>This also applies to our consulting &amp; training in areas such as e.g. diversity, conflict management, stress prevention &amp; leadership development.<\/p>\n<p>We work according to <a href=\"https:\/\/coachfederation.org\/ethics\/code-of-ethics\" target=\"_blank\" rel=\"noopener\">the international highest ethical standards of the International Coaching Federation (ICF)<\/a> and overcompensate our <a href=\"https:\/\/app.planted.green\/tigers&amp;flamingosgmbh\" target=\"_blank\" rel=\"noopener\">via the own company forest.<\/a><\/p>\n<p>Executive &amp; Leadership Coaching ICF<\/p>\n<p>The 1-on-1 session: individual employee development.<br \/>\nThe successful long-term measure for increasing the retention rate.<\/p>\n<p>Team Coaching f\u00fcr gesamte Teams. D\u00fcsseldorf, online, remote.<\/p>","protected":false},"excerpt":{"rendered":"<p>Zertifiziertes Executive Coaching: Transformative Coaching-Erfahrungen Einf\u00fchrung in das zertifizierte Executive Coaching Die Vorteile des Coachings f\u00fcr F\u00fchrungskr\u00e4fte Steigerung der pers\u00f6nlichen Effektivit\u00e4t Verbesserung der Teamdynamik Die Merkmale eines zertifizierten Executive Coaches Ausbildung und Qualifikationen Erfahrung und Spezialisierung Coaching-Methoden und -Techniken Individuelles Coaching Team Coaching &nbsp; Executive &amp; Leadership Coaching ICF D\u00fcsseldorf Mentor Coaching ICF ACC PCC [&hellip;]<\/p>\n","protected":false},"author":3,"featured_media":0,"parent":0,"menu_order":0,"comment_status":"closed","ping_status":"open","template":"","meta":{"footnotes":""},"class_list":["post-2","page","type-page","status-publish","hentry","entry"],"yoast_head":"<!-- This site is optimized with the Yoast SEO Premium plugin v27.2 (Yoast SEO v27.3) - https:\/\/yoast.com\/product\/yoast-seo-premium-wordpress\/ -->\n<title>Coaching mit ICF Standards f\u00fcr F\u00fchrungskr\u00e4fte &amp; Teams<\/title>\n<meta name=\"description\" content=\"Executive &amp; Leadership Coaching mit ICF PCC Zertifizierung f\u00fcr dich &amp; dein Team. Passgenauer Support f\u00fcr alle euren Leadershipthemen.\" \/>\n<meta name=\"robots\" content=\"index, follow, max-snippet:-1, max-image-preview:large, max-video-preview:-1\" \/>\n<link rel=\"canonical\" href=\"https:\/\/tigersandflamingos.com\/en\/\" \/>\n<meta property=\"og:locale\" content=\"en_GB\" \/>\n<meta property=\"og:type\" content=\"article\" \/>\n<meta property=\"og:title\" content=\"Startseite\" \/>\n<meta property=\"og:description\" content=\"Executive &amp; Leadership Coaching mit ICF PCC Zertifizierung f\u00fcr dich &amp; dein Team. Passgenauer Support f\u00fcr alle euren Leadershipthemen.\" \/>\n<meta property=\"og:url\" content=\"https:\/\/tigersandflamingos.com\/en\/\" \/>\n<meta property=\"og:site_name\" content=\"Tigers &amp; Flamingos GmbH Executive &amp; Leadership Coaching\" \/>\n<meta property=\"article:modified_time\" content=\"2026-02-04T16:58:18+00:00\" \/>\n<meta name=\"twitter:card\" content=\"summary_large_image\" \/>\n<meta name=\"twitter:label1\" content=\"Estimated reading time\" \/>\n\t<meta name=\"twitter:data1\" content=\"3 minutes\" \/>\n<script type=\"application\/ld+json\" class=\"yoast-schema-graph\">{\"@context\":\"https:\\\/\\\/schema.org\",\"@graph\":[{\"@type\":\"WebPage\",\"@id\":\"https:\\\/\\\/tigersandflamingos.com\\\/\",\"url\":\"https:\\\/\\\/tigersandflamingos.com\\\/\",\"name\":\"Coaching mit ICF Standards f\u00fcr F\u00fchrungskr\u00e4fte & Teams\",\"isPartOf\":{\"@id\":\"https:\\\/\\\/tigersandflamingos.com\\\/#website\"},\"datePublished\":\"2019-11-12T11:07:56+00:00\",\"dateModified\":\"2026-02-04T16:58:18+00:00\",\"description\":\"Executive & Leadership Coaching mit ICF PCC Zertifizierung f\u00fcr dich & dein Team. Passgenauer Support f\u00fcr alle euren Leadershipthemen.\",\"breadcrumb\":{\"@id\":\"https:\\\/\\\/tigersandflamingos.com\\\/#breadcrumb\"},\"inLanguage\":\"en-GB\",\"potentialAction\":[{\"@type\":\"ReadAction\",\"target\":[\"https:\\\/\\\/tigersandflamingos.com\\\/\"]}]},{\"@type\":\"BreadcrumbList\",\"@id\":\"https:\\\/\\\/tigersandflamingos.com\\\/#breadcrumb\",\"itemListElement\":[{\"@type\":\"ListItem\",\"position\":1,\"name\":\"Home\",\"item\":\"https:\\\/\\\/tigersandflamingos.com\\\/\"},{\"@type\":\"ListItem\",\"position\":2,\"name\":\"Startseite\"}]},{\"@type\":\"WebSite\",\"@id\":\"https:\\\/\\\/tigersandflamingos.com\\\/#website\",\"url\":\"https:\\\/\\\/tigersandflamingos.com\\\/\",\"name\":\"Tigers & Flamingos GmbH Coaching & Consulting D\u00fcsseldorf\",\"description\":\"Executive Coaching ICF PCC, Leadership Academy, Coach Academy, Trainings.\",\"publisher\":{\"@id\":\"https:\\\/\\\/tigersandflamingos.com\\\/#organization\"},\"potentialAction\":[{\"@type\":\"SearchAction\",\"target\":{\"@type\":\"EntryPoint\",\"urlTemplate\":\"https:\\\/\\\/tigersandflamingos.com\\\/?s={search_term_string}\"},\"query-input\":{\"@type\":\"PropertyValueSpecification\",\"valueRequired\":true,\"valueName\":\"search_term_string\"}}],\"inLanguage\":\"en-GB\"},{\"@type\":\"Organization\",\"@id\":\"https:\\\/\\\/tigersandflamingos.com\\\/#organization\",\"name\":\"Tigers & Flamingos GmbH\",\"url\":\"https:\\\/\\\/tigersandflamingos.com\\\/\",\"logo\":{\"@type\":\"ImageObject\",\"inLanguage\":\"en-GB\",\"@id\":\"https:\\\/\\\/tigersandflamingos.com\\\/#\\\/schema\\\/logo\\\/image\\\/\",\"url\":\"\\\/wp-content\\\/uploads\\\/cropped-cropped-Tigers-Flamingos-png.avif\",\"contentUrl\":\"\\\/wp-content\\\/uploads\\\/cropped-cropped-Tigers-Flamingos-png.avif\",\"width\":190,\"height\":190,\"caption\":\"Tigers & Flamingos GmbH\"},\"image\":{\"@id\":\"https:\\\/\\\/tigersandflamingos.com\\\/#\\\/schema\\\/logo\\\/image\\\/\"},\"email\":\"hello@tigersandflamingos.com\",\"legalName\":\"Tigers & Flamingos GmbH\",\"vatID\":\"DE344444395\",\"ownershipFundingInfo\":\"https:\\\/\\\/tigersandflamingos.com\\\/impressum\\\/\",\"ethicsPolicy\":\"https:\\\/\\\/tigersandflamingos.com\\\/business-ethics\\\/\",\"diversityPolicy\":\"https:\\\/\\\/tigersandflamingos.com\\\/business-ethics\\\/\"}]}<\/script>\n<!-- \/ Yoast SEO Premium plugin. -->","yoast_head_json":{"title":"Coaching mit ICF Standards f\u00fcr F\u00fchrungskr\u00e4fte & Teams","description":"Executive & Leadership Coaching mit ICF PCC Zertifizierung f\u00fcr dich & dein Team. Passgenauer Support f\u00fcr alle euren Leadershipthemen.","robots":{"index":"index","follow":"follow","max-snippet":"max-snippet:-1","max-image-preview":"max-image-preview:large","max-video-preview":"max-video-preview:-1"},"canonical":"https:\/\/tigersandflamingos.com\/en\/","og_locale":"en_GB","og_type":"article","og_title":"Startseite","og_description":"Executive & Leadership Coaching mit ICF PCC Zertifizierung f\u00fcr dich & dein Team. Passgenauer Support f\u00fcr alle euren Leadershipthemen.","og_url":"https:\/\/tigersandflamingos.com\/en\/","og_site_name":"Tigers &amp; Flamingos GmbH Executive &amp; Leadership Coaching","article_modified_time":"2026-02-04T16:58:18+00:00","twitter_card":"summary_large_image","twitter_misc":{"Estimated reading time":"3 minutes"},"schema":{"@context":"https:\/\/schema.org","@graph":[{"@type":"WebPage","@id":"https:\/\/tigersandflamingos.com\/","url":"https:\/\/tigersandflamingos.com\/","name":"Coaching mit ICF Standards f\u00fcr F\u00fchrungskr\u00e4fte & Teams","isPartOf":{"@id":"https:\/\/tigersandflamingos.com\/#website"},"datePublished":"2019-11-12T11:07:56+00:00","dateModified":"2026-02-04T16:58:18+00:00","description":"Executive & Leadership Coaching mit ICF PCC Zertifizierung f\u00fcr dich & dein Team. Passgenauer Support f\u00fcr alle euren Leadershipthemen.","breadcrumb":{"@id":"https:\/\/tigersandflamingos.com\/#breadcrumb"},"inLanguage":"en-GB","potentialAction":[{"@type":"ReadAction","target":["https:\/\/tigersandflamingos.com\/"]}]},{"@type":"BreadcrumbList","@id":"https:\/\/tigersandflamingos.com\/#breadcrumb","itemListElement":[{"@type":"ListItem","position":1,"name":"Home","item":"https:\/\/tigersandflamingos.com\/"},{"@type":"ListItem","position":2,"name":"Startseite"}]},{"@type":"WebSite","@id":"https:\/\/tigersandflamingos.com\/#website","url":"https:\/\/tigersandflamingos.com\/","name":"Tigers & Flamingos GmbH Coaching & Consulting D\u00fcsseldorf","description":"Executive Coaching ICF PCC, Leadership Academy, Coach Academy, Trainings.","publisher":{"@id":"https:\/\/tigersandflamingos.com\/#organization"},"potentialAction":[{"@type":"SearchAction","target":{"@type":"EntryPoint","urlTemplate":"https:\/\/tigersandflamingos.com\/?s={search_term_string}"},"query-input":{"@type":"PropertyValueSpecification","valueRequired":true,"valueName":"search_term_string"}}],"inLanguage":"en-GB"},{"@type":"Organization","@id":"https:\/\/tigersandflamingos.com\/#organization","name":"Tigers & Flamingos GmbH","url":"https:\/\/tigersandflamingos.com\/","logo":{"@type":"ImageObject","inLanguage":"en-GB","@id":"https:\/\/tigersandflamingos.com\/#\/schema\/logo\/image\/","url":"\/wp-content\/uploads\/cropped-cropped-Tigers-Flamingos-png.avif","contentUrl":"\/wp-content\/uploads\/cropped-cropped-Tigers-Flamingos-png.avif","width":190,"height":190,"caption":"Tigers & Flamingos GmbH"},"image":{"@id":"https:\/\/tigersandflamingos.com\/#\/schema\/logo\/image\/"},"email":"hello@tigersandflamingos.com","legalName":"Tigers & Flamingos GmbH","vatID":"DE344444395","ownershipFundingInfo":"https:\/\/tigersandflamingos.com\/impressum\/","ethicsPolicy":"https:\/\/tigersandflamingos.com\/business-ethics\/","diversityPolicy":"https:\/\/tigersandflamingos.com\/business-ethics\/"}]}},"_links":{"self":[{"href":"https:\/\/tigersandflamingos.com\/en\/wp-json\/wp\/v2\/pages\/2","targetHints":{"allow":["GET"]}}],"collection":[{"href":"https:\/\/tigersandflamingos.com\/en\/wp-json\/wp\/v2\/pages"}],"about":[{"href":"https:\/\/tigersandflamingos.com\/en\/wp-json\/wp\/v2\/types\/page"}],"author":[{"embeddable":true,"href":"https:\/\/tigersandflamingos.com\/en\/wp-json\/wp\/v2\/users\/3"}],"replies":[{"embeddable":true,"href":"https:\/\/tigersandflamingos.com\/en\/wp-json\/wp\/v2\/comments?post=2"}],"version-history":[{"count":195,"href":"https:\/\/tigersandflamingos.com\/en\/wp-json\/wp\/v2\/pages\/2\/revisions"}],"predecessor-version":[{"id":3602,"href":"https:\/\/tigersandflamingos.com\/en\/wp-json\/wp\/v2\/pages\/2\/revisions\/3602"}],"wp:attachment":[{"href":"https:\/\/tigersandflamingos.com\/en\/wp-json\/wp\/v2\/media?parent=2"}],"curies":[{"name":"wp","href":"https:\/\/api.w.org\/{rel}","templated":true}]}}